{"id":336,"date":"2017-02-14T17:45:18","date_gmt":"2017-02-14T16:45:18","guid":{"rendered":"http:\/\/www.soccarena.de\/?page_id=336"},"modified":"2025-09-13T13:25:25","modified_gmt":"2025-09-13T13:25:25","slug":"gastronomie","status":"publish","type":"page","link":"https:\/\/soccerhalle-heufeld.de\/index.php\/informationen\/gastronomie\/","title":{"rendered":"Gastronomie"},"content":{"rendered":"\n<h3 class=\"wp-block-heading\" id=\"h-ein-platz-zum-wohlfuhlen-fur-alle-soccarena-gaste\"><strong>Ein Platz zum Wohlf\u00fchlen f\u00fcr alle Soccerhalle G\u00e4ste<\/strong><\/h3>\n\n\n\n<p class=\"has-black-color has-text-color has-small-font-size\">In der Gastronomie der Soccerhalle findet jeder sein pers\u00f6nliches Highlight auf der Speise- und Getr\u00e4nkekarte.\u00a0<\/p>\n\n\n\n<p class=\"has-black-color has-text-color has-small-font-size\">Unser Personal der Gastronomie freut sich, euch mit italienischen Spezialit\u00e4ten (Pasta &amp; Pizza)\u00a0 und Getr\u00e4nken eurer Wahl w\u00e4hrend eures Besuches in der Soccerhalle zu verw\u00f6hnen.<\/p>\n\n\n\n<p class=\"has-black-color has-text-color has-small-font-size\">Die Gastronomie hat sechs Tage die Woche ge\u00f6ffnet (<a href=\".\/informationen\/oeffnungszeiten\/\">\u00d6ffnungszeiten<\/a>) und ist f\u00fcr bis zu 70 Personen ausgelegt.<\/p>\n\n\n\n<p class=\"has-black-color has-text-color has-small-font-size\">Gerne stellen wir euch die R\u00e4umlichkeiten f\u00fcr euer <a href=\".\/events\/unternehmen\/\">Firmenevent<\/a>, den <a href=\".\/events\/kindergeburtstag\/\">Kindergeburtstag <\/a>oder die <a href=\".\/events\/vereine\/\">Vereinsfeier <\/a>zur Verf\u00fcgung.<\/p>\n\n\n\n<p class=\"has-black-color has-text-color has-small-font-size\">Meldet euch jetzt unter <a href=\"tel:+491788816241\">+49 (0) 178 \/ 8816241<\/a>an uns wir planen euer pers\u00f6nliches Event bei uns in der Soccerhalle.<\/p>\n\n\n\n<ul class=\"wp-block-filebird-block-filebird-gallery wp-block-gallery columns-4 is-cropped\"><\/ul>\n","protected":false},"excerpt":{"rendered":"<p>Ein Platz zum Wohlf\u00fchlen f\u00fcr alle Soccerhalle G\u00e4ste In der Gastronomie der Soccerhalle findet jeder sein pers\u00f6nliches Highlight auf der Speise- und Getr\u00e4nkekarte.\u00a0 Unser Personal der Gastronomie freut sich, euch &#8230;<\/p>\n","protected":false},"author":1,"featured_media":16511,"parent":15719,"menu_order":2,"comment_status":"closed","ping_status":"closed","template":"","meta":{"footnotes":""},"class_list":["post-336","page","type-page","status-publish","has-post-thumbnail","hentry"],"_links":{"self":[{"href":"https:\/\/soccerhalle-heufeld.de\/index.php\/wp-json\/wp\/v2\/pages\/336","targetHints":{"allow":["GET"]}}],"collection":[{"href":"https:\/\/soccerhalle-heufeld.de\/index.php\/wp-json\/wp\/v2\/pages"}],"about":[{"href":"https:\/\/soccerhalle-heufeld.de\/index.php\/wp-json\/wp\/v2\/types\/page"}],"author":[{"embeddable":true,"href":"https:\/\/soccerhalle-heufeld.de\/index.php\/wp-json\/wp\/v2\/users\/1"}],"replies":[{"embeddable":true,"href":"https:\/\/soccerhalle-heufeld.de\/index.php\/wp-json\/wp\/v2\/comments?post=336"}],"version-history":[{"count":2,"href":"https:\/\/soccerhalle-heufeld.de\/index.php\/wp-json\/wp\/v2\/pages\/336\/revisions"}],"predecessor-version":[{"id":17114,"href":"https:\/\/soccerhalle-heufeld.de\/index.php\/wp-json\/wp\/v2\/pages\/336\/revisions\/17114"}],"up":[{"embeddable":true,"href":"https:\/\/soccerhalle-heufeld.de\/index.php\/wp-json\/wp\/v2\/pages\/15719"}],"wp:featuredmedia":[{"embeddable":true,"href":"https:\/\/soccerhalle-heufeld.de\/index.php\/wp-json\/wp\/v2\/media\/16511"}],"wp:attachment":[{"href":"https:\/\/soccerhalle-heufeld.de\/index.php\/wp-json\/wp\/v2\/media?parent=336"}],"curies":[{"name":"wp","href":"https:\/\/api.w.org\/{rel}","templated":true}]}}