{"id":2241,"date":"2017-12-14T22:04:45","date_gmt":"2017-12-14T21:04:45","guid":{"rendered":"https:\/\/www.soccarena.de\/?page_id=2241"},"modified":"2026-02-13T12:03:23","modified_gmt":"2026-02-13T12:03:23","slug":"soccerhalle","status":"publish","type":"page","link":"https:\/\/soccerhalle-heufeld.de\/index.php\/sports\/indoor-soccer\/soccerhalle\/","title":{"rendered":"Soccerhalle"},"content":{"rendered":"<p class=\"lead\">Die Soccerhalle ist die Indoor Soccerhalle im Mangfalltal, zentral zwischen Rosenheim und M\u00fcnchen gelegen. Bei uns kann man Indoor Soccer, Bubble Soccer und Squash spielen &#8211; und super Kindergeburtstage feiern!<\/p>\n<h2>Erste Soccerhalle im Landkreis Rosenheim<\/h2>\n<figure id=\"attachment_2221\" aria-describedby=\"caption-attachment-2221\" style=\"width: 300px\" class=\"wp-caption alignright\"><img loading=\"lazy\" decoding=\"async\" class=\"size-medium wp-image-2221\" src=\"\/wp-content\/uploads\/2017\/12\/1-300x225.jpg\" alt=\"SOCCARENA Eingang\" width=\"300\" height=\"225\" srcset=\"https:\/\/soccerhalle-heufeld.de\/wp-content\/uploads\/2017\/12\/1-300x225.jpg 300w, https:\/\/soccerhalle-heufeld.de\/wp-content\/uploads\/2017\/12\/1-1024x768.jpg 1024w, https:\/\/soccerhalle-heufeld.de\/wp-content\/uploads\/2017\/12\/1-768x576.jpg 768w, https:\/\/soccerhalle-heufeld.de\/wp-content\/uploads\/2017\/12\/1-1536x1152.jpg 1536w, https:\/\/soccerhalle-heufeld.de\/wp-content\/uploads\/2017\/12\/1.jpg 1632w\" sizes=\"auto, (max-width: 300px) 100vw, 300px\" \/><figcaption id=\"caption-attachment-2221\" class=\"wp-caption-text\">Soccerhalle Eingang<\/figcaption><\/figure>\n<p>In der Soccerhalle, der ersten Indoor Soccerhalle im Landkreis Rosenheim, k\u00f6nnen aber nicht nur <a href=\".\/indoor-soccer\/\">Indoor Soccer<\/a>, <a href=\".\/bubble-soccer\/\">Bubble Soccer <\/a>und <a href=\".\/squash\/\">Squash<\/a> gespielt werden.<\/p>\n<p>Bitte hereinspaziert in die Soccerhalle! Das ist unser Empfangsbereich:<\/p>\n<p>Der Counter in der Soccerhalle ist immer besetzt. Hier k\u00f6nnen B\u00e4lle und Leibchen ausgeliehen werden. Bezahlt werden kann in der Soccerhalle mit Bargeld und EC-Karte.<\/p>\n<h2>Kunstrasen Courts in der Soccerhalle<\/h2>\n<figure id=\"attachment_210\" aria-describedby=\"caption-attachment-210\" style=\"width: 300px\" class=\"wp-caption alignright\"><img loading=\"lazy\" decoding=\"async\" class=\"size-medium wp-image-210\" src=\"\/wp-content\/uploads\/2016\/08\/indoor-soccer-master-court-02-300x225.jpg\" alt=\"Master Court in der SOCCARENA\" width=\"300\" height=\"225\" \/><figcaption id=\"caption-attachment-210\" class=\"wp-caption-text\">Master Court in der Soccerhalle<\/figcaption><\/figure>\n<p>Wir haben in der Halle drei <a href=\".\/indoor-soccer\/kunstrasen\/\">Kunstrasen<\/a>-Courts. Die beiden gr\u00f6\u00dferen, Center Court und Master Court, messen 30 x 15 Meter, der Soccer Court mi\u00dft 20 x 13 Meter.<\/p>\n<h2>Umkleidekabinen mit Duschen<\/h2>\n<figure id=\"attachment_1010\" aria-describedby=\"caption-attachment-1010\" style=\"width: 300px\" class=\"wp-caption alignright\"><img loading=\"lazy\" decoding=\"async\" class=\"size-medium wp-image-1010\" src=\"\/wp-content\/uploads\/2011\/10\/581425_409854475730193_1708796687_n-300x225.jpg\" alt=\"Umkleidekabinen der Soccerhalle\" width=\"300\" height=\"225\" srcset=\"https:\/\/soccerhalle-heufeld.de\/wp-content\/uploads\/2011\/10\/581425_409854475730193_1708796687_n-300x225.jpg 300w, https:\/\/soccerhalle-heufeld.de\/wp-content\/uploads\/2011\/10\/581425_409854475730193_1708796687_n-768x576.jpg 768w, https:\/\/soccerhalle-heufeld.de\/wp-content\/uploads\/2011\/10\/581425_409854475730193_1708796687_n.jpg 960w\" sizes=\"auto, (max-width: 300px) 100vw, 300px\" \/><figcaption id=\"caption-attachment-1010\" class=\"wp-caption-text\">Umkleidekabinen der Soccerhalle<\/figcaption><\/figure>\n<p>Selbstverst\u00e4ndlich haben wir in der Halle Umkleidekabinen &#8211; f\u00fcr Jungs und M\u00e4nner sowie M\u00e4dchen und Damen &#8211; mit Duschen, die wir Euch kostenlos zur Verf\u00fcgung stellen.<\/p>\n<p>Wenn Ihr einen F\u00f6n oder Haartrockner dabei habt, k\u00f6nnt Ihr selbstverst\u00e4ndlich auch die daf\u00fcr vorgesehenen Steckdosen nutzen.<\/p>\n<h2>Kindergeburtstage in der Soccerhalle<\/h2>\n<p>Wir feiern auch mehr als 300 <a href=\".\/kindergeburtstag\/\">Kindergeburtstage<\/a> jedes Jahr &#8211; Tendenz steigend! Kindergeburtstag in der Soccerhalle sind eben einfach und stre\u00dffrei zu organisieren und bereiten den Kindern den gr\u00f6\u00dften Spa\u00df!<\/p>\n","protected":false},"excerpt":{"rendered":"<p>Die Soccerhalle ist die Indoor Soccerhalle im Mangfalltal, zentral zwischen Rosenheim und M\u00fcnchen gelegen. Bei uns kann man Indoor Soccer, Bubble Soccer und Squash spielen &#8211; und super Kindergeburtstage feiern! &#8230;<\/p>\n","protected":false},"author":1,"featured_media":16123,"parent":16004,"menu_order":0,"comment_status":"closed","ping_status":"closed","template":"","meta":{"footnotes":""},"class_list":["post-2241","page","type-page","status-publish","has-post-thumbnail","hentry"],"_links":{"self":[{"href":"https:\/\/soccerhalle-heufeld.de\/index.php\/wp-json\/wp\/v2\/pages\/2241","targetHints":{"allow":["GET"]}}],"collection":[{"href":"https:\/\/soccerhalle-heufeld.de\/index.php\/wp-json\/wp\/v2\/pages"}],"about":[{"href":"https:\/\/soccerhalle-heufeld.de\/index.php\/wp-json\/wp\/v2\/types\/page"}],"author":[{"embeddable":true,"href":"https:\/\/soccerhalle-heufeld.de\/index.php\/wp-json\/wp\/v2\/users\/1"}],"replies":[{"embeddable":true,"href":"https:\/\/soccerhalle-heufeld.de\/index.php\/wp-json\/wp\/v2\/comments?post=2241"}],"version-history":[{"count":2,"href":"https:\/\/soccerhalle-heufeld.de\/index.php\/wp-json\/wp\/v2\/pages\/2241\/revisions"}],"predecessor-version":[{"id":17155,"href":"https:\/\/soccerhalle-heufeld.de\/index.php\/wp-json\/wp\/v2\/pages\/2241\/revisions\/17155"}],"up":[{"embeddable":true,"href":"https:\/\/soccerhalle-heufeld.de\/index.php\/wp-json\/wp\/v2\/pages\/16004"}],"wp:featuredmedia":[{"embeddable":true,"href":"https:\/\/soccerhalle-heufeld.de\/index.php\/wp-json\/wp\/v2\/media\/16123"}],"wp:attachment":[{"href":"https:\/\/soccerhalle-heufeld.de\/index.php\/wp-json\/wp\/v2\/media?parent=2241"}],"curies":[{"name":"wp","href":"https:\/\/api.w.org\/{rel}","templated":true}]}}