{"id":1910,"date":"2017-11-20T11:08:46","date_gmt":"2017-11-20T10:08:46","guid":{"rendered":"https:\/\/www.soccarena.de\/?page_id=1910"},"modified":"2025-09-13T15:19:40","modified_gmt":"2025-09-13T15:19:40","slug":"spielregeln","status":"publish","type":"page","link":"https:\/\/soccerhalle-heufeld.de\/index.php\/sports\/indoor-soccer\/spielregeln\/","title":{"rendered":"Spielregeln"},"content":{"rendered":"<p class=\"lead\">Grundlage aller Indoor Soccer Spielregeln in der Soccerhalle sind die DFB-Regeln.<\/p>\n<p>Die offiziellen DFB-Regeln sind die Grundlage aller <a href=\".\/indoor-soccer\/\">Indoor Soccer<\/a> Spielregeln. Abweichungen zu den DFB-Spielregeln sind in diesem Regelwerk aufgef\u00fchrt. Auf den gro\u00dfen Courts (30 x 15 Meter) wird Grunds\u00e4tzlich &#8222;5 gegen 5&#8220; (4 Feldspieler + 1 Torwart) gespielt, auf dem kleineren Court (20 x 13 Meter) &#8222;4 gegen 4&#8220; (3 Feldspieler + 1 Torwart). Diese Regeln gelten ausdr\u00fccklich nicht f\u00fcr <a href=\".\/bubble-soccer\/\">Bubble Soccer<\/a>.<\/p>\n<p><strong>Foulspiel<\/strong><\/p>\n<p>Gr\u00e4tschen sind grunds\u00e4tzlich nicht erlaubt und f\u00fchren zu einem Freisto\u00df oder Penalty (bei Gr\u00e4tsche innerhalb des Strafraums) f\u00fcr den Gegner. Eine Gr\u00e4tsche gilt dann als Gr\u00e4tsche, sobald der Spieler mit Rumpf und Boden in Ber\u00fchrung kommt und dabei den Versucht unternimmt, an den Ball zu kommen.<\/p>\n<p>An der Bande eingeklemmt: Sobald ein Spieler mit Ball sich in einer der 4 Spielfeldecken befindet, muss der Gegner mindestens einen halben Meter Abstand halten. Bei K\u00f6rperber\u00fchrungen wird sofort auf indirekten Freisto\u00df f\u00fcr den Ball f\u00fchrenden Spieler entschieden.<\/p>\n<p>Foulspiel an der Bande \/ Check an der Bande: Wird der Ball f\u00fchrende Spieler gegen die Bande geschubst, liegt es im Ermessen des Schiedsrichters je nach H\u00e4rtegrad des Fouls eine Strafe von bis zu einer Roten Karte zu verh\u00e4ngen. Bei generellen Fouls an der Bande muss der Schiedsrichter den foulenden Spieler mit einer gelben Karte verwarnen.<\/p>\n<p><strong>Torwartspiel<\/strong><\/p>\n<p>Auswechslungen: Torh\u00fcterwechsel k\u00f6nnen grunds\u00e4tzlich nur in Absprache mit dem Schiedsrichter stattfinden und auch nur dann, wenn das Spiel unterbrochen ist.<\/p>\n<p>R\u00fcckp\u00e4sse zum Torh\u00fcter: Bei R\u00fcckp\u00e4ssen zum eigenen Torh\u00fcter ist es dem Torwart untersagt, den Ball mit der Hand aufzunehmen. Nimmt er den Ball dennoch auf, so wird auf indirekten Freisto\u00df entschieden. Bei R\u00fcckp\u00e4ssen zum Torh\u00fcter und einem anschlie\u00dfenden Spiel des Balls durch den Torh\u00fcter gegen die Bande, ist es dem Torh\u00fcter auch dann nicht erlaubt den Ball aufzunehmen. Es entsteht durch den Doppelpass des Torwarts mit der Bande keine neue Situation.<\/p>\n<p>Abwurf\/Absto\u00df: Dem Torh\u00fcter ist es erlaubt den Ball \u00fcberallhin zu werfen und zu schie\u00dfen. Es gibt keine Beschr\u00e4nkung bei Abwurf und Absto\u00df. Untersagt ist es, dem Torh\u00fcter lediglich den Ball ins Tor des Gegners zu werfen. Tut er dies doch, so erh\u00e4lt die gegnerische Mannschaft einen indirekten Freisto\u00df vom Mittelpunkt. Anders herum verh\u00e4lt es sich beim Torschuss. Da ist es dem Torh\u00fcter gestattet sich wie ein Feldspieler zu verhalten.<\/p>\n<p>Teilnahme am Spiel: Der Torh\u00fcter darf sich mit oder ohne Ball nur in der eigenen Spielh\u00e4lfte bewegen, jedoch am Spiel teilnehmen, sprich auch zum Torabschluss kommen.<\/p>\n<p>Penalty: Hierbei darf sich der Torwart innerhalb des Strafraumes frei bewegen.<\/p>\n<p><strong>Sonstige Spielregeln<\/strong><\/p>\n<p>Auswechslungen: Auswechslungen k\u00f6nnen jederzeit fliegend get\u00e4tigt werden. Der eingewechselte Spieler muss lediglich warten bis der ausgewechselte Spieler die Torauslinie verl\u00e4sst.<\/p>\n<p>Sch\u00fcsse von \u00fcberall: Tore k\u00f6nnen von \u00fcberall aus erzielt werden.<\/p>\n<p>Aus \/ Eckball: Grunds\u00e4tzlich wird immer weiter gespielt mit Ausnahme der F\u00e4lle in denen der Ball im Netz h\u00e4ngen bleibt. In diesem Fall wird, je nachdem wo der Ball im Netz h\u00e4ngen bleibt und damit nicht zur\u00fcck ins Spiel kehrt,auf Eckball oder Aus entschieden. Bei Aus (an den seitlichen Bandenbegrenzungen) wird der Ball eingeschossen. Der Einschuss ist wie ein indirekter Freisto\u00df zu bewerten. Eckb\u00e4lle werden mit einem Abstand, der einen Schritt Anlauf zum Ball erm\u00f6glicht, aus den jeweiligen Ecken eingeschossen, in denen Seiten- und Torbanden zusammenlaufen. Der Gegenspieler muss dabei einen Abstand von drei Metern zum Ball einhalten.<\/p>\n<p>Freist\u00f6\u00dfe: Freist\u00f6\u00dfe werden wie beim DFB grunds\u00e4tzlich immer indirekt ausgef\u00fchrt.<\/p>\n<p>Siebenmeter\/Penalty: Anstelle von Siebenmetern gibt es Penalty. Dabei l\u00e4uft der Sch\u00fctze mit dem Ball von der Mittellinie aus auf das Tor zu und kann von \u00fcberall aus Schiessen. Der Torwart darf sich innerhalb des Strafraumes frei bewegen. Der Penalty gilt als abgeschlossen, wenn der Torwart den Ball ber\u00fchrt hat, der Ball im Tor landet oder die Bande ber\u00fchrt hat.<\/p>\n<p>Gelbe Karten: Dem Schiedsrichter obliegt es Regelverst\u00f6\u00dfe mit Gelben Karten zu ahnden. Eine zweite gelbe Karte f\u00fchrt zu einer Zwei-Minuten-Strafe, eine dritte zu einer Suspendierung per Roter Karte f\u00fcr das aktuelle Spiel.<\/p>\n<p>Rote Karte: Dem Schiedsrichter obliegt es, Regelverst\u00f6\u00dfe mit roten Karten zu ahnden. Das Ma\u00df der Strafe f\u00fcr eine rote Karte bedeutet mindestens ein Spiel Sperre.<\/p>\n<p>Zwei-Minuten-Strafen: Bei einer Zwei-Minuten-Strafe spielt die Mannschaft solange bis die zwei Minuten abgelaufen sind, es sei denn die Mannschaft in \u00dcberzahl erzielt ein Tor innerhalb dieser Strafzeit.<\/p>\n","protected":false},"excerpt":{"rendered":"<p>Grundlage aller Indoor Soccer Spielregeln in der Soccerhalle sind die DFB-Regeln. Die offiziellen DFB-Regeln sind die Grundlage aller Indoor Soccer Spielregeln. Abweichungen zu den DFB-Spielregeln sind in diesem Regelwerk aufgef\u00fchrt. &#8230;<\/p>\n","protected":false},"author":1,"featured_media":9990,"parent":16004,"menu_order":1,"comment_status":"closed","ping_status":"closed","template":"","meta":{"footnotes":""},"class_list":["post-1910","page","type-page","status-publish","has-post-thumbnail","hentry"],"_links":{"self":[{"href":"https:\/\/soccerhalle-heufeld.de\/index.php\/wp-json\/wp\/v2\/pages\/1910","targetHints":{"allow":["GET"]}}],"collection":[{"href":"https:\/\/soccerhalle-heufeld.de\/index.php\/wp-json\/wp\/v2\/pages"}],"about":[{"href":"https:\/\/soccerhalle-heufeld.de\/index.php\/wp-json\/wp\/v2\/types\/page"}],"author":[{"embeddable":true,"href":"https:\/\/soccerhalle-heufeld.de\/index.php\/wp-json\/wp\/v2\/users\/1"}],"replies":[{"embeddable":true,"href":"https:\/\/soccerhalle-heufeld.de\/index.php\/wp-json\/wp\/v2\/comments?post=1910"}],"version-history":[{"count":1,"href":"https:\/\/soccerhalle-heufeld.de\/index.php\/wp-json\/wp\/v2\/pages\/1910\/revisions"}],"predecessor-version":[{"id":17153,"href":"https:\/\/soccerhalle-heufeld.de\/index.php\/wp-json\/wp\/v2\/pages\/1910\/revisions\/17153"}],"up":[{"embeddable":true,"href":"https:\/\/soccerhalle-heufeld.de\/index.php\/wp-json\/wp\/v2\/pages\/16004"}],"wp:featuredmedia":[{"embeddable":true,"href":"https:\/\/soccerhalle-heufeld.de\/index.php\/wp-json\/wp\/v2\/media\/9990"}],"wp:attachment":[{"href":"https:\/\/soccerhalle-heufeld.de\/index.php\/wp-json\/wp\/v2\/media?parent=1910"}],"curies":[{"name":"wp","href":"https:\/\/api.w.org\/{rel}","templated":true}]}}