{"id":1887,"date":"2017-11-20T10:44:57","date_gmt":"2017-11-20T09:44:57","guid":{"rendered":"https:\/\/www.soccarena.de\/?page_id=1887"},"modified":"2025-09-13T15:17:49","modified_gmt":"2025-09-13T15:17:49","slug":"fussballschuhe","status":"publish","type":"page","link":"https:\/\/soccerhalle-heufeld.de\/index.php\/sports\/indoor-soccer\/fussballschuhe\/","title":{"rendered":"Fussballschuhe"},"content":{"rendered":"<p class=\"lead\">Der Auswahl der Fu\u00dfballschuhe f\u00fcr Indoor Soccer in der SOCCARENA kommt entscheidende Bedeutung zu.<\/p>\n<p>F\u00fcr <a href=\"\/fussball\/\">Fu\u00dfball<\/a>, <a href=\"\/hallenfussball\/\">Hallenfu\u00dfball<\/a>, <a href=\"\/indoor-soccer\/\">Indoor Soccer<\/a> oder <a href=\"\/bubble-soccer\/\">Bubble Soccer<\/a> auf dem <a href=\"\/indoor-soccer\/kunstrasen\/\">Kunstrasen<\/a> in der SOCCARENA eignen sich am besten Multinocken-Fu\u00dfballschuhe, die sogenannten Tausendf\u00fc\u00dfler. Alternativ sind aber auch normale Sport- oder Hallenfussballschuhe tauglich.<\/p>\n<p>Lediglich Stollenschuhe sind wegen der Verletzungsgefahr f\u00fcr Spieler und Gegner nicht erlaubt.<\/p>\n<div style=\"margin-top: 50px;\">\n<div id='gallery-1' class='gallery galleryid-1887 gallery-columns-3 gallery-size-thumbnail'><figure class='gallery-item'>\n\t\t\t<div class='gallery-icon landscape'>\n\t\t\t\t<a href='https:\/\/soccerhalle-heufeld.de\/perfect01-2\/'><img loading=\"lazy\" decoding=\"async\" width=\"150\" height=\"125\" src=\"https:\/\/soccerhalle-heufeld.de\/wp-content\/uploads\/2017\/11\/perfect01-150x125.jpg\" class=\"attachment-thumbnail size-thumbnail\" alt=\"SOCCARENA Indoor Soccer Kunstrasen Fu\u00dfballschuhe\" aria-describedby=\"gallery-1-1892\" \/><\/a>\n\t\t\t<\/div>\n\t\t\t\t<figcaption class='wp-caption-text gallery-caption' id='gallery-1-1892'>\n\t\t\t\tSoccerhalle Indoor Soccer Kunstrasen Fu\u00dfballschuhe\n\t\t\t\t<\/figcaption><\/figure><figure class='gallery-item'>\n\t\t\t<div class='gallery-icon landscape'>\n\t\t\t\t<a href='https:\/\/soccerhalle-heufeld.de\/ok03-2\/'><img loading=\"lazy\" decoding=\"async\" width=\"150\" height=\"125\" src=\"https:\/\/soccerhalle-heufeld.de\/wp-content\/uploads\/2017\/11\/ok03-150x125.jpg\" class=\"attachment-thumbnail size-thumbnail\" alt=\"SOCCARENA Indoor Soccer Kunstrasen Fu\u00dfballschuhe\" aria-describedby=\"gallery-1-1891\" \/><\/a>\n\t\t\t<\/div>\n\t\t\t\t<figcaption class='wp-caption-text gallery-caption' id='gallery-1-1891'>\n\t\t\t\tSoccerhalle Indoor Soccer Kunstrasen Fu\u00dfballschuhe\n\t\t\t\t<\/figcaption><\/figure><figure class='gallery-item'>\n\t\t\t<div class='gallery-icon landscape'>\n\t\t\t\t<a href='https:\/\/soccerhalle-heufeld.de\/ok02-2\/'><img loading=\"lazy\" decoding=\"async\" width=\"150\" height=\"125\" src=\"https:\/\/soccerhalle-heufeld.de\/wp-content\/uploads\/2017\/11\/ok02-150x125.jpg\" class=\"attachment-thumbnail size-thumbnail\" alt=\"SOCCARENA Indoor Soccer Kunstrasen Fu\u00dfballschuhe\" aria-describedby=\"gallery-1-1890\" \/><\/a>\n\t\t\t<\/div>\n\t\t\t\t<figcaption class='wp-caption-text gallery-caption' id='gallery-1-1890'>\n\t\t\t\tSoccerhalle Indoor Soccer Kunstrasen Fu\u00dfballschuhe\n\t\t\t\t<\/figcaption><\/figure><figure class='gallery-item'>\n\t\t\t<div class='gallery-icon landscape'>\n\t\t\t\t<a href='https:\/\/soccerhalle-heufeld.de\/ok01-2\/'><img loading=\"lazy\" decoding=\"async\" width=\"150\" height=\"125\" src=\"https:\/\/soccerhalle-heufeld.de\/wp-content\/uploads\/2017\/11\/ok01-150x125.jpg\" class=\"attachment-thumbnail size-thumbnail\" alt=\"SOCCARENA Indoor Soccer Kunstrasen Fu\u00dfballschuhe\" aria-describedby=\"gallery-1-1889\" \/><\/a>\n\t\t\t<\/div>\n\t\t\t\t<figcaption class='wp-caption-text gallery-caption' id='gallery-1-1889'>\n\t\t\t\tSoccerhalle Indoor Soccer Kunstrasen Fu\u00dfballschuhe\n\t\t\t\t<\/figcaption><\/figure><figure class='gallery-item'>\n\t\t\t<div class='gallery-icon landscape'>\n\t\t\t\t<a href='https:\/\/soccerhalle-heufeld.de\/no01-2\/'><img loading=\"lazy\" decoding=\"async\" width=\"150\" height=\"125\" src=\"https:\/\/soccerhalle-heufeld.de\/wp-content\/uploads\/2017\/11\/no01-150x125.jpg\" class=\"attachment-thumbnail size-thumbnail\" alt=\"SOCCARENA Indoor Soccer Kunstrasen Fu\u00dfballschuhe\" aria-describedby=\"gallery-1-1893\" \/><\/a>\n\t\t\t<\/div>\n\t\t\t\t<figcaption class='wp-caption-text gallery-caption' id='gallery-1-1893'>\n\t\t\t\tSoccerhalle\n\t\t\t\t<\/figcaption><\/figure><figure class='gallery-item'>\n\t\t\t<div class='gallery-icon landscape'>\n\t\t\t\t<a href='https:\/\/soccerhalle-heufeld.de\/no02-2\/'><img loading=\"lazy\" decoding=\"async\" width=\"150\" height=\"125\" src=\"https:\/\/soccerhalle-heufeld.de\/wp-content\/uploads\/2017\/11\/no02-150x125.jpg\" class=\"attachment-thumbnail size-thumbnail\" alt=\"SOCCARENA Indoor Soccer Kunstrasen Fu\u00dfballschuhe\" aria-describedby=\"gallery-1-1894\" \/><\/a>\n\t\t\t<\/div>\n\t\t\t\t<figcaption class='wp-caption-text gallery-caption' id='gallery-1-1894'>\n\t\t\t\tSoccerhalle Indoor Soccer Kunstrasen Fu\u00dfballschuhe\n\t\t\t\t<\/figcaption><\/figure>\n\t\t<\/div>\n\n<\/div>\n","protected":false},"excerpt":{"rendered":"<p>Der Auswahl der Fu\u00dfballschuhe f\u00fcr Indoor Soccer in der SOCCARENA kommt entscheidende Bedeutung zu. F\u00fcr Fu\u00dfball, Hallenfu\u00dfball, Indoor Soccer oder Bubble Soccer auf dem Kunstrasen in der SOCCARENA eignen sich &#8230;<\/p>\n","protected":false},"author":1,"featured_media":1918,"parent":16004,"menu_order":3,"comment_status":"closed","ping_status":"closed","template":"","meta":{"footnotes":""},"class_list":["post-1887","page","type-page","status-publish","has-post-thumbnail","hentry"],"_links":{"self":[{"href":"https:\/\/soccerhalle-heufeld.de\/index.php\/wp-json\/wp\/v2\/pages\/1887","targetHints":{"allow":["GET"]}}],"collection":[{"href":"https:\/\/soccerhalle-heufeld.de\/index.php\/wp-json\/wp\/v2\/pages"}],"about":[{"href":"https:\/\/soccerhalle-heufeld.de\/index.php\/wp-json\/wp\/v2\/types\/page"}],"author":[{"embeddable":true,"href":"https:\/\/soccerhalle-heufeld.de\/index.php\/wp-json\/wp\/v2\/users\/1"}],"replies":[{"embeddable":true,"href":"https:\/\/soccerhalle-heufeld.de\/index.php\/wp-json\/wp\/v2\/comments?post=1887"}],"version-history":[{"count":1,"href":"https:\/\/soccerhalle-heufeld.de\/index.php\/wp-json\/wp\/v2\/pages\/1887\/revisions"}],"predecessor-version":[{"id":17151,"href":"https:\/\/soccerhalle-heufeld.de\/index.php\/wp-json\/wp\/v2\/pages\/1887\/revisions\/17151"}],"up":[{"embeddable":true,"href":"https:\/\/soccerhalle-heufeld.de\/index.php\/wp-json\/wp\/v2\/pages\/16004"}],"wp:featuredmedia":[{"embeddable":true,"href":"https:\/\/soccerhalle-heufeld.de\/index.php\/wp-json\/wp\/v2\/media\/1918"}],"wp:attachment":[{"href":"https:\/\/soccerhalle-heufeld.de\/index.php\/wp-json\/wp\/v2\/media?parent=1887"}],"curies":[{"name":"wp","href":"https:\/\/api.w.org\/{rel}","templated":true}]}}