{"id":16590,"date":"2023-06-20T09:51:49","date_gmt":"2023-06-20T07:51:49","guid":{"rendered":"https:\/\/www.soccarena.de\/?page_id=16590"},"modified":"2026-02-13T12:07:50","modified_gmt":"2026-02-13T12:07:50","slug":"bubble-soccer-verleih","status":"publish","type":"page","link":"https:\/\/soccerhalle-heufeld.de\/index.php\/events\/bubble-soccer-verleih\/","title":{"rendered":"Bubble Soccer Verleih"},"content":{"rendered":"\n<h3 class=\"wp-block-heading\"><strong>Ultimativer Spa\u00df: Die Kombi aus Fu\u00dfball &amp; Bubbles!<\/strong><\/h3>\n\n\n\n<p class=\"has-black-color has-text-color has-small-font-size\">Egal, ob du ein gro\u00dfes <a href=\".\/events\/\"><mark class=\"has-inline-color\" style=\"background-color: rgba(0, 0, 0, 0); color: #0abbef;\">Event<\/mark><\/a>, eine <a href=\".\/events\/kindergeburtstag\/\"><mark class=\"has-inline-color\" style=\"background-color: rgba(0, 0, 0, 0); color: #0abbef;\">Geburtstagsfeier<\/mark><\/a>, einen <a href=\".\/events\/junggesellenabschied\/\"><mark class=\"has-inline-color\" style=\"background-color: rgba(0, 0, 0, 0); color: #0abbef;\">JGA<\/mark><\/a> planst oder einfach Spa\u00df mit Freunden genie\u00dfen willst, der Bubble Soccer Verleih der <a href=\".\/sports\/indoor-soccer\/soccerhalle\/\"><mark class=\"has-inline-color\" style=\"background-color: rgba(0, 0, 0, 0); color: #0abbef;\">SOCCARENA Mangfalltal<\/mark><\/a> bietet dir alles, was du f\u00fcr dein unvergessliche<a href=\".\/events\/\">s <\/a><a href=\".\/events\/\"><mark class=\"has-inline-color\" style=\"background-color: rgba(0, 0, 0, 0); color: #0abbef;\">Event<\/mark><\/a> brauchst.<\/p>\n\n\n\n<p><\/p>\n\n\n\n<div class=\"wp-block-cover is-light has-text-color has-background has-link-color wp-elements-62fd1a950bf3f4bd89c59e7cdc805dd7\" style=\"color:#000000;background-color:#35baf263;padding-top:2em;padding-right:2em;padding-bottom:2em;padding-left:2em;min-height:413px;aspect-ratio:unset;\"><span aria-hidden=\"true\" class=\"wp-block-cover__background has-background-dim\" style=\"background-color:#c2d9ec\"><\/span><div class=\"wp-block-cover__inner-container is-layout-flow wp-block-cover-is-layout-flow\">\n<div class=\"wp-block-group\" style=\"font-size:40px\"><div class=\"wp-block-group__inner-container is-layout-constrained wp-block-group-is-layout-constrained\">\n<h3 class=\"wp-block-heading has-text-align-center\"><strong>Bubble Soccer Verleih Pakete<\/strong><\/h3>\n\n\n\n<hr class=\"wp-block-separator has-text-color has-black-color has-alpha-channel-opacity has-black-background-color has-background is-style-wide\"\/>\n\n\n\n<h3 class=\"wp-block-heading has-text-align-center has-medium-font-size\"><strong>10 Bubbles<br>+ 1 kostenlose Ersatzbubble<br>elektrische Ballpumpe<\/strong><br><strong>Anleitung<\/strong><\/h3>\n\n\n\n<div class=\"wp-block-buttons is-content-justification-center is-layout-flex wp-container-core-buttons-is-layout-16018d1d wp-block-buttons-is-layout-flex\">\n<div class=\"wp-block-button has-custom-width wp-block-button__width-25\"><a class=\"wp-block-button__link has-white-color has-text-color has-background has-medium-font-size has-custom-font-size wp-element-button\" style=\"border-radius:0px;background-color:#0abbef\">nur <strong>399 EUR<\/strong><br>jetzt anfragen<\/a><\/div>\n<\/div>\n<\/div><\/div>\n<\/div><\/div>\n\n\n\n<p><\/p>\n\n\n\n<div class=\"wp-block-group is-nowrap is-layout-flex wp-container-core-group-is-layout-ad2f72ca wp-block-group-is-layout-flex\">\n<div class=\"wp-block-group is-content-justification-space-between is-nowrap is-layout-flex wp-container-core-group-is-layout-0dfbf163 wp-block-group-is-layout-flex\">\n<p class=\"has-black-color has-text-color has-small-font-size\"><strong>Lust auf Bubble Soccer Spa\u00df?<\/strong><br>Schick uns eine unverbindliche Anfrage &amp; wir beraten dich f\u00fcr dein perfektes Event! <\/p>\n<\/div>\n<\/div>\n\n\n\n<p><\/p>\n\n\n\n<div class=\"wp-block-group is-nowrap is-layout-flex wp-container-core-group-is-layout-ad2f72ca wp-block-group-is-layout-flex\">\n[contact-form-7 id=&#8220;16575&#8243; title=&#8220;Anfrageformular Bubble Ball Verleih&#8220;]\n<\/div>\n\n\n\n<h2 class=\"wp-block-heading has-medium-font-size\" id=\"h-faq\">FAQ<\/h2>\n\n\n\n<div class=\"wp-block-gutena-accordion gutena-accordion-block gutena-accordion-block-cad642-09 is-layout-flow wp-block-gutena-accordion-is-layout-flow\" data-single=\"true\">\n<div class=\"wp-block-gutena-accordion-panel gutena-accordion-block__panel\">\n<div class=\"wp-block-gutena-accordion-panel-title gutena-accordion-block__panel-title\"><div class=\"gutena-accordion-block__panel-title-inner\">\n<h6 class=\"wp-block-heading has-text-align-left\" id=\"h-wie-leihe-ich-mir-bubbles-aus\" style=\"margin-top:0px;margin-right:0px;margin-bottom:0px;margin-left:0px\"><strong>Wie leihe ich mir Bubbles aus?<\/strong><\/h6>\n<div class=\"trigger-up-down\"><div class=\"horizontal\"><\/div><div class=\"vertical\"><\/div><\/div><\/div><\/div>\n\n\n\n<div class=\"wp-block-gutena-accordion-panel-content gutena-accordion-block__panel-content\"><div class=\"gutena-accordion-block__panel-content-inner\">\n<p class=\"wp-embed-aspect-16-9 wp-has-aspect-ratio has-black-color has-text-color has-small-font-size\" style=\"margin-top:0;margin-bottom:0\">Ruf uns an &amp; wir besprechen alle Details f\u00fcr dein perfektes Bubble-Soccer-Erlebnis: Zeitraum, Anzahl, Ablauf und alle weiteren Fragen.<\/p>\n\n\n\n<p class=\"wp-embed-aspect-16-9 wp-has-aspect-ratio has-black-color has-text-color has-small-font-size\" style=\"margin-top:0;margin-bottom:0\">Wir sind f\u00fcr dich unter <strong><mark style=\"background-color:rgba(0, 0, 0, 0)\" class=\"has-inline-color has-vivid-cyan-blue-color\">0155 63143000<\/mark><\/strong>oder per Mail unter Info@soccerhalle-heufeld.de erreichbar.<\/p>\n<\/div><\/div>\n<\/div>\n\n\n\n<div class=\"wp-block-gutena-accordion-panel gutena-accordion-block__panel\">\n<div class=\"wp-block-gutena-accordion-panel-title gutena-accordion-block__panel-title\"><div class=\"gutena-accordion-block__panel-title-inner\">\n<h6 class=\"wp-block-heading has-text-align-left\" id=\"h-wie-lauft-der-verleih-ab-abholung-auf-abbau-ruckgabe\" style=\"margin-top:0px;margin-right:0px;margin-bottom:0px;margin-left:0px\"><strong>Wie l\u00e4uft der Verleih ab (Abholung, Auf-\/Abbau, R\u00fcckgabe)?<\/strong><\/h6>\n<div class=\"trigger-up-down\"><div class=\"horizontal\"><\/div><div class=\"vertical\"><\/div><\/div><\/div><\/div>\n\n\n\n<div class=\"wp-block-gutena-accordion-panel-content gutena-accordion-block__panel-content\"><div class=\"gutena-accordion-block__panel-content-inner\">\n<p class=\"has-black-color has-text-color has-small-font-size\" style=\"margin-top:0;margin-bottom:0\"><strong>Ablauf<\/strong>: Nachdem wir die Rahmenbedingungen (Zeitraum, Anzahl etc.) vereinbart haben, bereiten wir die Bubbles &amp; das Equipment (z.B. elektrische Pumpe) transportbereit f\u00fcr dich vor. Wir helfen dir beim Verladen &amp; du bekommst eine <a href=\"https:\/\/soccerhalle-heufeld.de\/wordpress\/wp-content\/uploads\/2023\/06\/A5_hoch_anleitung_bubblesoccer.pdf\">Kurzanleitung<\/a> mit, sodass du gut ausger\u00fcstet bist. <\/p>\n\n\n\n<p class=\"has-black-color has-text-color has-small-font-size\" style=\"margin-top:0;margin-bottom:0\"><\/p>\n\n\n\n<p class=\"has-black-color has-text-color has-small-font-size\" style=\"margin-top:0;margin-bottom:0\"><strong>Aufbau<\/strong>: Bubbles auf weichen Untergrund ausladen; Bubbles mit elektrischer Pumpe aufblasen; Bubbles &#8222;anziehen&#8220; (siehe Video)<\/p>\n\n\n\n<figure class=\"wp-block-embed is-type-video is-provider-youtube wp-block-embed-youtube wp-embed-aspect-16-9 wp-has-aspect-ratio\"><div class=\"wp-block-embed__wrapper\">\n<iframe loading=\"lazy\" title=\"BUBBLE-SOCCER | Anleitung Bubble Anziehen | SOCCARENA\" width=\"800\" height=\"450\" src=\"https:\/\/www.youtube.com\/embed\/Vtwlxl5eBQA?feature=oembed\" frameborder=\"0\" allow=\"accelerometer; autoplay; clipboard-write; encrypted-media; gyroscope; picture-in-picture; web-share\" referrerpolicy=\"strict-origin-when-cross-origin\" allowfullscreen><\/iframe>\n<\/div><\/figure>\n\n\n\n<p class=\"has-black-color has-text-color has-small-font-size\"><strong>Abbau<\/strong>: Bubbles mit feuchtem Tuch innen &amp; au\u00dfen abwischen (nicht abspritzen); Bubbles mit elektrischer Pumpe vakuumieren; Bubbles einladen<\/p>\n\n\n\n<p class=\"has-black-color has-text-color has-small-font-size\">Ist dein Bubble-Soccer-Spa\u00df vorbei? Bring uns die Bubbles einfach in die SOCCARENA zur\u00fcck und buche direkt das n\u00e4chste Event!  <\/p>\n<\/div><\/div>\n<\/div>\n\n\n\n<div class=\"wp-block-gutena-accordion-panel gutena-accordion-block__panel\">\n<div class=\"wp-block-gutena-accordion-panel-title gutena-accordion-block__panel-title\"><div class=\"gutena-accordion-block__panel-title-inner\">\n<h6 class=\"wp-block-heading has-text-align-left\" id=\"h-was-mache-ich-wenn-eine-bubble-kaputt-geht\" style=\"margin-top:0px;margin-right:0px;margin-bottom:0px;margin-left:0px\"><strong>Was mache ich, wenn eine Bubble kaputt geht?<\/strong><\/h6>\n<div class=\"trigger-up-down\"><div class=\"horizontal\"><\/div><div class=\"vertical\"><\/div><\/div><\/div><\/div>\n\n\n\n<div class=\"wp-block-gutena-accordion-panel-content gutena-accordion-block__panel-content\"><div class=\"gutena-accordion-block__panel-content-inner\">\n<p class=\"has-black-color has-text-color has-small-font-size\">Das ist nicht schlimm! Wir geben dir f\u00fcr dein Bubble-Event immer eine Ersatz-Bubble mit. Diese kannst du dann verwenden. <\/p>\n\n\n\n<p class=\"has-black-color has-text-color has-small-font-size\">Bitte gib die kaputte Bubble unbedingt bei uns mit den anderen Bubbles zur\u00fcck &amp; sag und Bescheid, welche Bubble kaputt ist. <\/p>\n<\/div><\/div>\n<\/div>\n<\/div>\n\n\n\n<p><\/p>\n\n\n\n<div class=\"wp-block-gutena-accordion gutena-accordion-block gutena-accordion-block-3e236c-de is-layout-flow wp-block-gutena-accordion-is-layout-flow\" data-single=\"true\">\n<div class=\"wp-block-gutena-accordion-panel gutena-accordion-block__panel\">\n<div class=\"wp-block-gutena-accordion-panel-title gutena-accordion-block__panel-title\"><div class=\"gutena-accordion-block__panel-title-inner\">\n<h6 class=\"wp-block-heading has-text-align-left\" id=\"h-wie-sind-die-spielregeln-fur-bubble-soccer\" style=\"margin-top:0px;margin-right:0px;margin-bottom:0px;margin-left:0px\"><strong>Wie sind die Spielregeln f\u00fcr Bubble Soccer? <\/strong><\/h6>\n<div class=\"trigger-up-down\"><div class=\"horizontal\"><\/div><div class=\"vertical\"><\/div><\/div><\/div><\/div>\n\n\n\n<div class=\"wp-block-gutena-accordion-panel-content gutena-accordion-block__panel-content\"><div class=\"gutena-accordion-block__panel-content-inner\">\n<p class=\"has-black-color has-text-color has-small-font-size\" style=\"margin-top:0;margin-bottom:0\">Die <a href=\".\/indoor-soccer\/spielregeln\/\">Soccer-Spielregeln<\/a> sind auch auf Bubble Soccer anzuwenden, wobei es bei Bubble Soccer haupts\u00e4chlich um den Spielspa\u00df geht. Es wird gerempelt, gesto\u00dfen oder mit ganzem K\u00f6rpereinsatz gecheckt, sodass sich der Gegenspieler \u00fcberschl\u00e4gt und bis zur n\u00e4chsten Bande rollt. Das ist beim Bubble Soccer kein Foul.<\/p>\n<\/div><\/div>\n<\/div>\n\n\n\n<div class=\"wp-block-gutena-accordion-panel gutena-accordion-block__panel\">\n<div class=\"wp-block-gutena-accordion-panel-title gutena-accordion-block__panel-title\"><div class=\"gutena-accordion-block__panel-title-inner\">\n<h6 class=\"wp-block-heading has-text-align-left\" id=\"h-kann-ich-mich-beim-bubble-soccer-verletzen\" style=\"margin-top:0px;margin-right:0px;margin-bottom:0px;margin-left:0px\"><strong><strong>Kann ich mich beim Bubble Soccer verletzen?  <\/strong><\/strong><\/h6>\n<div class=\"trigger-up-down\"><div class=\"horizontal\"><\/div><div class=\"vertical\"><\/div><\/div><\/div><\/div>\n\n\n\n<div class=\"wp-block-gutena-accordion-panel-content gutena-accordion-block__panel-content\"><div class=\"gutena-accordion-block__panel-content-inner\">\n<p class=\"has-black-color has-text-color has-small-font-size\">Wir legen gro\u00dfen Wert auf die Sicherheit. Unsere Bubbles sind robust und bieten einen hervorragenden Schutz, w\u00e4hrend du dich austobst. Gleichzeitig sorgt unsere hochwertige und sichere Ausr\u00fcstung daf\u00fcr, dass du dich frei bewegen und das Spiel in vollen Z\u00fcgen genie\u00dfen kannst. <\/p>\n\n\n\n<p class=\"has-black-color has-text-color has-small-font-size\">Wir sind dankbar, dass es bisher noch keine Verletzungen\/Unf\u00e4lle gab, weisen trotzdem daraufhin, dass wir bei m\u00f6glichen Verletzungen\/Unf\u00e4llen nicht haften. <\/p>\n<\/div><\/div>\n<\/div>\n\n\n\n<div class=\"wp-block-gutena-accordion-panel gutena-accordion-block__panel\">\n<div class=\"wp-block-gutena-accordion-panel-title gutena-accordion-block__panel-title\"><div class=\"gutena-accordion-block__panel-title-inner\">\n<h6 class=\"wp-block-heading has-text-align-left\" id=\"h-wie-buche-ich-normales-bubble-soccer-in-der-soccarena\" style=\"margin-top:0px;margin-right:0px;margin-bottom:0px;margin-left:0px\"><strong>Wie buche ich &#8222;normales&#8220; Bubble Soccer in der SOCCARENA?<\/strong><\/h6>\n<div class=\"trigger-up-down\"><div class=\"horizontal\"><\/div><div class=\"vertical\"><\/div><\/div><\/div><\/div>\n\n\n\n<div class=\"wp-block-gutena-accordion-panel-content gutena-accordion-block__panel-content\"><div class=\"gutena-accordion-block__panel-content-inner\">\n<p class=\"has-black-color has-text-color has-small-font-size\" style=\"margin-top:0;margin-bottom:0\">Einen Court buchst du ganz einfach in unserem <a href=\".\/court-buchen\/\">Buchungsmodul <\/a>(oben in der Men\u00fcleiste &#8222;BUCHUNG&#8220; oder oben auf dem Button &#8222;COURT BUCHEN&#8220;). Nachdem du im ersten Schritt &#8222;Soccer&#8220;,  die Zeit und den passenden Court ausgew\u00e4hlt hast, kannst du im zweiten Schritt &#8222;Extras&#8220; die Bubbles ausw\u00e4hlen. <\/p>\n\n\n\n<p class=\"has-black-color has-text-color has-small-font-size\" style=\"margin-top:0;margin-bottom:0\">Ben\u00f6tigst du Hilfe? Dann ruf uns gerne an unter<a href=\"tel:+491788816241\"> <strong><mark style=\"background-color:rgba(0, 0, 0, 0)\" class=\"has-inline-color has-vivid-cyan-blue-color\">0155 63143000<\/mark><\/strong><\/a><\/p>\n<\/div><\/div>\n<\/div>\n<\/div>\n\n\n\n<p><\/p>\n\n\n\n<hr class=\"wp-block-separator has-alpha-channel-opacity\"\/>\n\n\n\n<p class=\"has-text-align-center has-black-color has-text-color\"><strong>Hast du noch Fragen? Dann ruf uns gerne an unter <\/strong><a href=\"tel:+491788816241\"><strong><mark style=\"background-color:rgba(0, 0, 0, 0)\" class=\"has-inline-color has-vivid-cyan-blue-color\">0155 63143000<\/mark><\/strong><\/a><\/p>\n\n\n\n<p><\/p>\n","protected":false},"excerpt":{"rendered":"<p>Ultimativer Spa\u00df: Die Kombi aus Fu\u00dfball &amp; Bubbles! Egal, ob du ein gro\u00dfes Event, eine Geburtstagsfeier, einen JGA planst oder einfach Spa\u00df mit Freunden genie\u00dfen willst, der Bubble Soccer Verleih &#8230;<\/p>\n","protected":false},"author":1,"featured_media":16595,"parent":1056,"menu_order":0,"comment_status":"closed","ping_status":"closed","template":"","meta":{"footnotes":""},"class_list":["post-16590","page","type-page","status-publish","has-post-thumbnail","hentry"],"_links":{"self":[{"href":"https:\/\/soccerhalle-heufeld.de\/index.php\/wp-json\/wp\/v2\/pages\/16590","targetHints":{"allow":["GET"]}}],"collection":[{"href":"https:\/\/soccerhalle-heufeld.de\/index.php\/wp-json\/wp\/v2\/pages"}],"about":[{"href":"https:\/\/soccerhalle-heufeld.de\/index.php\/wp-json\/wp\/v2\/types\/page"}],"author":[{"embeddable":true,"href":"https:\/\/soccerhalle-heufeld.de\/index.php\/wp-json\/wp\/v2\/users\/1"}],"replies":[{"embeddable":true,"href":"https:\/\/soccerhalle-heufeld.de\/index.php\/wp-json\/wp\/v2\/comments?post=16590"}],"version-history":[{"count":2,"href":"https:\/\/soccerhalle-heufeld.de\/index.php\/wp-json\/wp\/v2\/pages\/16590\/revisions"}],"predecessor-version":[{"id":17258,"href":"https:\/\/soccerhalle-heufeld.de\/index.php\/wp-json\/wp\/v2\/pages\/16590\/revisions\/17258"}],"up":[{"embeddable":true,"href":"https:\/\/soccerhalle-heufeld.de\/index.php\/wp-json\/wp\/v2\/pages\/1056"}],"wp:featuredmedia":[{"embeddable":true,"href":"https:\/\/soccerhalle-heufeld.de\/index.php\/wp-json\/wp\/v2\/media\/16595"}],"wp:attachment":[{"href":"https:\/\/soccerhalle-heufeld.de\/index.php\/wp-json\/wp\/v2\/media?parent=16590"}],"curies":[{"name":"wp","href":"https:\/\/api.w.org\/{rel}","templated":true}]}}