{"id":16167,"date":"2022-07-21T15:04:24","date_gmt":"2022-07-21T13:04:24","guid":{"rendered":"https:\/\/www.soccarena.de\/?page_id=16167"},"modified":"2026-03-03T14:44:21","modified_gmt":"2026-03-03T14:44:21","slug":"kindergeburtstag","status":"publish","type":"page","link":"https:\/\/soccerhalle-heufeld.de\/index.php\/events\/kindergeburtstag\/","title":{"rendered":"Kindergeburtstag"},"content":{"rendered":"\n<h3 class=\"wp-block-heading has-medium-font-size\"><strong>Unvergleichlicher Spa\u00df f\u00fcr die Kinder und stressfreie Zeit f\u00fcr die Eltern: das Kindergeburtstags-Paket in der <\/strong><a href=\".\/sports\/indoor-soccer\/soccerhalle\/\"><strong>Soccerhalle<\/strong><\/a><strong>. <\/strong><\/h3>\n\n\n\n<p class=\"has-black-color has-text-color has-small-font-size\">Erlebe einen unvergesslichen Kindergeburtstag mit unserem Rundum-sorglos-Paket. Toben, spielen und lachen in der <a href=\".\/sports\/indoor-soccer\/soccerhalle\/\">Soccerhalle<\/a> &#8211; wir k\u00fcmmern uns um alles, damit die Kindern feiern und Eltern entspannen k\u00f6nnen!<\/p>\n\n\n\n<div class=\"wp-block-cover is-light has-text-color has-background has-link-color wp-elements-aa8b22b54b8a93fb1e6537ca0a644737\" style=\"color:#000000;background-color:#35baf263;padding-top:2em;padding-right:2em;padding-bottom:2em;padding-left:2em;min-height:413px;aspect-ratio:unset;\"><span aria-hidden=\"true\" class=\"wp-block-cover__background has-background-dim\" style=\"background-color:#c2d9ec\"><\/span><div class=\"wp-block-cover__inner-container is-layout-flow wp-block-cover-is-layout-flow\">\n<div class=\"wp-block-group\" style=\"font-size:40px\"><div class=\"wp-block-group__inner-container is-layout-constrained wp-block-group-is-layout-constrained\">\n<h3 class=\"wp-block-heading has-text-align-center\"><strong>Kindergeburtstag &#8222;Rundum-sorglos-Paket<\/strong>&#8220; <strong>*<\/strong><\/h3>\n\n\n\n<hr class=\"wp-block-separator has-text-color has-black-color has-alpha-channel-opacity has-black-background-color has-background is-style-wide\"\/>\n\n\n\n<h3 class=\"wp-block-heading has-text-align-center has-medium-font-size\"><strong>90 Minuten Indoor Soccer Court<\/strong><sup>1<\/sup><strong><br>1 Kuchen<\/strong>\u00b2<strong><br>6 Karaffen Wasser oder Fruchtschorle<\/strong>*<br><strong>Reservierter Tisch im Restaurant<\/strong><\/h3>\n\n\n\n<p class=\"has-text-align-center has-black-color has-text-color has-small-font-size\">*Anzahl &amp; Specials k\u00f6nnen individuell angepasst werden <br><sup>1<\/sup>Courtgr\u00f6\u00dfe je nach Anzahl der Kinder <br><sup>2<\/sup>Hinweis siehe FAQs<\/p>\n\n\n\n<div class=\"wp-block-buttons is-content-justification-center is-layout-flex wp-container-core-buttons-is-layout-16018d1d wp-block-buttons-is-layout-flex\">\n<div class=\"wp-block-button has-custom-width wp-block-button__width-25\"><a class=\"wp-block-button__link has-white-color has-text-color has-background has-medium-font-size has-custom-font-size wp-element-button\" href=\".\/kontakt\/\" style=\"border-radius:0px;background-color:#0abbef\"><strong>ab 109\u20ac<\/strong><\/a><\/div>\n<\/div>\n<\/div><\/div>\n<\/div><\/div>\n\n\n\n<p><\/p>\n\n\n\n<p class=\"has-black-color has-text-color has-small-font-size\"><strong>Lust auf einen unvergesslichen Kindergeburtstag?<\/strong><br>Ruf uns jetzt unter 015563143000 an &amp; buche dein Geburtstagserlebnis!<\/p>\n\n\n\n<h2 class=\"wp-block-heading has-black-color has-text-color has-medium-font-size\" id=\"h-faq\">FAQ<\/h2>\n\n\n\n<div class=\"wp-block-gutena-accordion gutena-accordion-block gutena-accordion-block-901df3-6e\" data-single=\"true\">\n<div class=\"wp-block-gutena-accordion-panel gutena-accordion-block__panel\">\n<div class=\"wp-block-gutena-accordion-panel-title gutena-accordion-block__panel-title\"><div class=\"gutena-accordion-block__panel-title-inner\">\n<h6 class=\"wp-block-heading has-text-align-left has-small-font-size\" style=\"margin-top:0px;margin-right:0px;margin-bottom:0px;margin-left:0px\"><strong>Wie buche ich einen Kindergeburtstag? <\/strong><\/h6>\n<div class=\"trigger-up-down\"><div class=\"horizontal\"><\/div><div class=\"vertical\"><\/div><\/div><\/div><\/div>\n<div class=\"wp-block-gutena-accordion-panel-content gutena-accordion-block__panel-content\"><div class=\"gutena-accordion-block__panel-content-inner\">\n<p class=\"has-small-font-size\" style=\"margin-top:0;margin-bottom:0\">Eine Buchung des Kindergeburstag &#8222;Rundum-sorglos-Pakets&#8220; kann nur telefonisch erfolgen.<\/p>\n<p class=\"has-small-font-size\" style=\"margin-top:0;margin-bottom:0\">Eine Platzbuchung \u00fcber unser Buchungstool sichert dir nicht die Vorteile unseres Kindergeburtstags-Paketes (Reservierung im Restaurant etc.), daher bitte in jedem Fall Kontakt via Kontaktformular oder telefonisch unter <a href=\"tel:+491788816241\">+49 (0) 178 \/ 8816241<\/a><\/p>\n<p class=\"has-small-font-size\" style=\"margin-top:0;margin-bottom:0\"><\/p>\n<p class=\"has-small-font-size\" style=\"margin-top:0;margin-bottom:0\"><\/p>\n<p class=\"has-small-font-size\">Fu\u00dfballgeburtstage in der Soccerhalle \u2013 auch empfohlen von&nbsp;<a href=\"https:\/\/www.chiemsee-alpenland.de\/erleben\/weitere-Urlaubsthemen\/Familienurlaub\/Kindergeburtstag\">Chiemsee-Alpenland Tourismus<\/a>.<\/p>\n<\/div><\/div>\n<\/div>\n<div class=\"wp-block-gutena-accordion-panel gutena-accordion-block__panel\">\n<div class=\"wp-block-gutena-accordion-panel-title gutena-accordion-block__panel-title\"><div class=\"gutena-accordion-block__panel-title-inner\">\n<h6 class=\"wp-block-heading has-text-align-left has-small-font-size\" style=\"margin-top:0px;margin-right:0px;margin-bottom:0px;margin-left:0px\"><strong>Was ist alles inkludiert &amp; was kostet es? <\/strong><\/h6>\n<div class=\"trigger-up-down\"><div class=\"horizontal\"><\/div><div class=\"vertical\"><\/div><\/div><\/div><\/div>\n<div class=\"wp-block-gutena-accordion-panel-content gutena-accordion-block__panel-content\"><div class=\"gutena-accordion-block__panel-content-inner\">\n<p class=\"has-small-font-size\"><strong>Was ist inkludiert? <\/strong><\/p>\n<ul class=\"wp-block-list\">\n<li class=\"has-small-font-size\">90 Minuten Indoor Soccer Court (je nach Anzahl der Kinder empfiehlt sich ein gr\u00f6\u00dferer Court)<\/li>\n<li class=\"has-small-font-size\">1 Kuchen (gerne kann bei Bedarf mehr bestellt oder selbst Kuchen mitgenommen werden; ein Kuchen muss von der Soccerhalle abgenommen werden)<\/li>\n<li class=\"has-small-font-size\">6 Karaffen Wasser oder Fruchtschorle (gerne kann bei Bedarf mehr bestellt werden)<\/li>\n<\/ul>\n<p style=\"margin-top:0;margin-bottom:0\"><\/p>\n<p class=\"has-small-font-size\"><strong>Optionale Specials<\/strong><\/p>\n<ul class=\"wp-block-list\">\n<li class=\"has-small-font-size\"><a href=\".\/sports\/bubble-soccer\/\">Bubble Soccer<\/a>: kann f\u00fcr den ganz besonderen Spa\u00df dazugebucht werden<\/li>\n<li class=\"has-small-font-size\">Pizza und italienische Speisen von unserer hauseigenen <a href=\".\/informationen\/gastronomie\/\">Pizzeria<\/a> (Montags hat unsere Pizzeria geschlossen)<\/li>\n<\/ul>\n<p><\/p>\n<p class=\"has-small-font-size\"><strong>Was kostet der Kindergeburtstag? <\/strong><\/p>\n<ul class=\"wp-block-list\">\n<li class=\"has-small-font-size\">Speed Court (f\u00fcr 8-10 Kinder) = 109\u20ac, Center\/Master Court (f\u00fcr 10-14 Kinder) = 119\u20ac\/129\u20ac<\/li>\n<li class=\"has-small-font-size\">Bubble Soccer f\u00fcr einen Aufpreis von 49\u20ac<\/li>\n<li class=\"has-small-font-size\">Wochenend-Aufpreis 20\u20ac<\/li>\n<li class=\"has-small-font-size\">Pizza\/ital. Speise f\u00fcr indiv. Aufpreis <\/li>\n<\/ul>\n<\/div><\/div>\n<\/div>\n<div class=\"wp-block-gutena-accordion-panel gutena-accordion-block__panel\">\n<div class=\"wp-block-gutena-accordion-panel-title gutena-accordion-block__panel-title\"><div class=\"gutena-accordion-block__panel-title-inner\">\n<h6 class=\"wp-block-heading has-text-align-left has-small-font-size\" style=\"margin-top:0px;margin-right:0px;margin-bottom:0px;margin-left:0px\"><strong>Wie l\u00e4uft der Kindergeburtstag ab &amp; was m\u00fcssen wir mitnehmen? <\/strong><\/h6>\n<div class=\"trigger-up-down\"><div class=\"horizontal\"><\/div><div class=\"vertical\"><\/div><\/div><\/div><\/div>\n<div class=\"wp-block-gutena-accordion-panel-content gutena-accordion-block__panel-content\"><div class=\"gutena-accordion-block__panel-content-inner\">\n<p class=\"has-small-font-size\" style=\"margin-top:0;margin-bottom:0\">Wir w\u00fcrde darum bitten,&nbsp;mindestens <strong>15 Minuten vor Beginn <\/strong>in der Soccerhalle mit allen Partyg\u00e4sten einzutreffen. Dann bleibt noch gen\u00fcgend Zeit, um sich in den Umkleidekabinen umzuziehen. Hier findest du alle Informationen zu der richtigen <a href=\".\/sports\/indoor-soccer\/fussballschuhe\/\">Ausr\u00fcstung<\/a>. <\/p>\n<p><\/p>\n<p class=\"has-small-font-size\" style=\"margin-top:0;margin-bottom:0\">In der&nbsp;<strong>Halbzeitpause<\/strong>&nbsp;gibt es die Getr\u00e4nke und den Kuchen. <\/p>\n<p class=\"has-small-font-size\" style=\"margin-top:0;margin-bottom:0\">Gerne kann bei Bedarf mehr Kuchen bestellt oder selbst mitgebracht werden. Eigene Getr\u00e4nke sind in der Pizzeria nicht erlaubt. <\/p>\n<p><\/p>\n<p class=\"has-small-font-size\" style=\"margin-top:0;margin-bottom:0\">Nach den <strong>90 Minuten Spielspa\u00df<\/strong> laden wir alle Partyg\u00e4ste herzlich ein, k\u00f6stlichen italienische Speisen und Pizza in der Pizzeria zu genie\u00dfen.  <\/p>\n<p><\/p>\n<p class=\"has-small-font-size\" style=\"margin-top:0;margin-bottom:0\">Aus haftungsrechtlichen Gr\u00fcnden ist es notwendig, dass w\u00e4hrend der gesamten Aufenthaltsdauer in der Fu\u00dfballhalle mindestens ein Elternteil bzw. eine Aufsichtsperson dabei ist.<\/p>\n<\/div><\/div>\n<\/div>\n<\/div>\n\n\n\n<p><\/p>\n\n\n\n<div class=\"wp-block-gutena-accordion gutena-accordion-block gutena-accordion-block-6770ad-a1 is-layout-flow wp-block-gutena-accordion-is-layout-flow\" data-single=\"true\">\n<div class=\"wp-block-gutena-accordion-panel gutena-accordion-block__panel\">\n<div class=\"wp-block-gutena-accordion-panel-title gutena-accordion-block__panel-title\"><div class=\"gutena-accordion-block__panel-title-inner\">\n<h6 class=\"wp-block-heading has-text-align-left has-small-font-size\" style=\"margin-top:0px;margin-right:0px;margin-bottom:0px;margin-left:0px\"><strong>Kann ich den Kindergeburtstag stornieren? <\/strong><\/h6>\n<div class=\"trigger-up-down\"><div class=\"horizontal\"><\/div><div class=\"vertical\"><\/div><\/div><\/div><\/div>\n\n\n\n<div class=\"wp-block-gutena-accordion-panel-content gutena-accordion-block__panel-content\"><div class=\"gutena-accordion-block__panel-content-inner\">\n<p class=\"has-small-font-size\" style=\"margin-top:0;margin-bottom:0\">Ja. Bis zu 72 Stunden vor Beginn ist die Stornierung sogar kostenfrei m\u00f6glich. Bitte hab Verst\u00e4ndnis daf\u00fcr, dass wir danach den vollen Preis berechnen m\u00fcssen, denn die reservierten Courts k\u00f6nnen so kurzfristig nicht mehr anderweitig vergeben werden.&nbsp;<\/p>\n<\/div><\/div>\n<\/div>\n\n\n\n<div class=\"wp-block-gutena-accordion-panel gutena-accordion-block__panel\">\n<div class=\"wp-block-gutena-accordion-panel-title gutena-accordion-block__panel-title\"><div class=\"gutena-accordion-block__panel-title-inner\">\n<h6 class=\"wp-block-heading has-text-align-left has-small-font-size\" style=\"margin-top:0px;margin-right:0px;margin-bottom:0px;margin-left:0px\"><strong>Kann ich den Kindergeburtstag auch drau\u00dfen feiern? <\/strong><\/h6>\n<div class=\"trigger-up-down\"><div class=\"horizontal\"><\/div><div class=\"vertical\"><\/div><\/div><\/div><\/div>\n\n\n\n<div class=\"wp-block-gutena-accordion-panel-content gutena-accordion-block__panel-content\"><div class=\"gutena-accordion-block__panel-content-inner\">\n<p class=\"has-small-font-size\" style=\"margin-top:0;margin-bottom:0\">Gerne kannst du \u00fcber unseren <a href=\".\/events\/bubble-soccer-verleih\/\">Bubble Soccer Verleih <\/a>auch Bubbles f\u00fcr den Kindergeburtstag ausleihen.<\/p>\n<\/div><\/div>\n<\/div>\n<\/div>\n\n\n\n<p><\/p>\n\n\n\n<hr class=\"wp-block-separator has-alpha-channel-opacity\"\/>\n\n\n\n<p class=\"has-text-align-center has-black-color has-text-color\"><strong>Hast du noch Fragen? Dann ruf uns gerne an unter <\/strong>015563143000<\/p>\n\n\n\n<p><\/p>\n","protected":false},"excerpt":{"rendered":"<p>Unvergleichlicher Spa\u00df f\u00fcr die Kinder und stressfreie Zeit f\u00fcr die Eltern: das Kindergeburtstags-Paket in der Soccerhalle. Erlebe einen unvergesslichen Kindergeburtstag mit unserem Rundum-sorglos-Paket. Toben, spielen und lachen in der Soccerhalle &#8230;<\/p>\n","protected":false},"author":1,"featured_media":16741,"parent":1056,"menu_order":1,"comment_status":"closed","ping_status":"closed","template":"template-fullwidth.php","meta":{"footnotes":""},"class_list":["post-16167","page","type-page","status-publish","has-post-thumbnail","hentry"],"_links":{"self":[{"href":"https:\/\/soccerhalle-heufeld.de\/index.php\/wp-json\/wp\/v2\/pages\/16167","targetHints":{"allow":["GET"]}}],"collection":[{"href":"https:\/\/soccerhalle-heufeld.de\/index.php\/wp-json\/wp\/v2\/pages"}],"about":[{"href":"https:\/\/soccerhalle-heufeld.de\/index.php\/wp-json\/wp\/v2\/types\/page"}],"author":[{"embeddable":true,"href":"https:\/\/soccerhalle-heufeld.de\/index.php\/wp-json\/wp\/v2\/users\/1"}],"replies":[{"embeddable":true,"href":"https:\/\/soccerhalle-heufeld.de\/index.php\/wp-json\/wp\/v2\/comments?post=16167"}],"version-history":[{"count":3,"href":"https:\/\/soccerhalle-heufeld.de\/index.php\/wp-json\/wp\/v2\/pages\/16167\/revisions"}],"predecessor-version":[{"id":17265,"href":"https:\/\/soccerhalle-heufeld.de\/index.php\/wp-json\/wp\/v2\/pages\/16167\/revisions\/17265"}],"up":[{"embeddable":true,"href":"https:\/\/soccerhalle-heufeld.de\/index.php\/wp-json\/wp\/v2\/pages\/1056"}],"wp:featuredmedia":[{"embeddable":true,"href":"https:\/\/soccerhalle-heufeld.de\/index.php\/wp-json\/wp\/v2\/media\/16741"}],"wp:attachment":[{"href":"https:\/\/soccerhalle-heufeld.de\/index.php\/wp-json\/wp\/v2\/media?parent=16167"}],"curies":[{"name":"wp","href":"https:\/\/api.w.org\/{rel}","templated":true}]}}