{"id":16104,"date":"2022-07-20T08:10:00","date_gmt":"2022-07-20T06:10:13","guid":{"rendered":"https:\/\/www.soccarena.de\/?page_id=16104"},"modified":"2026-02-13T12:11:32","modified_gmt":"2026-02-13T12:11:32","slug":"bubble-soccer","status":"publish","type":"page","link":"https:\/\/soccerhalle-heufeld.de\/index.php\/sports\/bubble-soccer\/","title":{"rendered":"Bubble Soccer"},"content":{"rendered":"\n<h3 class=\"wp-block-heading\"><strong>In der <\/strong><a href=\".\/sports\/indoor-soccer\/soccerhalle\/\">Soccerhalle<\/a><strong> kann Bubble Soccer ganzj\u00e4hrig und wetterunabh\u00e4ngig gespielt werden.<\/strong><\/h3>\n\n\n\n<p class=\"has-black-color has-text-color has-small-font-size\">Spielspa\u00df in der Halle oder doch das Highlight f\u00fcr dein Outdoor-Event (<span style=\"color: #0abbef;\"><a href=\".\/events\/unternehmen\/\">Firmenfeier<\/a>, <a href=\".\/events\/vereine\/\">Vereinsfeier<\/a>, <\/span><a href=\".\/events\/junggesellenabschied\/\"><span style=\"color: #0abbef;\">JGA<\/span><\/a>): mit den nach unseren eigenen Sicherheitsvorgaben produzierten Bubbles wird dein dein Fu\u00dfball-Erlebnis an dem Ort deiner Wahl zum vollen Erfolg.<\/p>\n\n\n\n<p class=\"has-black-color has-text-color has-small-font-size\">Die Spielregeln findest du <a href=\".\/sports\/indoor-soccer\/spielregeln\/\"><span style=\"color: #0abbef;\">hier<\/span><\/a>, wobei es bei Bubble Soccer haupts\u00e4chlich um den Spielspa\u00df geht. Es wird gerempelt, gesto\u00dfen oder mit ganzem K\u00f6rpereinsatz gecheckt, sodass sich der Gegenspieler \u00fcberschl\u00e4gt.&nbsp;<\/p>\n\n\n\n<p class=\"has-black-color has-text-color has-small-font-size\">Vor Ort bei uns in der <a href=\".\/sports\/indoor-soccer\/soccerhalle\/\">Soccerhalle<\/a>oder f\u00fcr den <span style=\"color: #0abbef;\"><a style=\"color: #0abbef;\" href=\".\/events\/bubble-soccer-verleih\/\">Bubble Soccer Verleih<\/a><\/span> erh\u00e4ltst du von uns eine detaillierte Einweisung, sodass du dich jederzeit sicher f\u00fchlst.&nbsp;<\/p>\n\n\n\n<div class=\"wp-block-columns is-layout-flex wp-container-core-columns-is-layout-9d6595d7 wp-block-columns-is-layout-flex\">\n<div class=\"wp-block-column is-layout-flow wp-block-column-is-layout-flow\">\n<figure class=\"wp-block-image size-full\"><img loading=\"lazy\" decoding=\"async\" width=\"768\" height=\"432\" src=\"https:\/\/soccerhalle-heufeld.de\/wp-content\/uploads\/2025\/09\/IMG_0796-edited-768x432-1.jpg\" alt=\"\" class=\"wp-image-72\" srcset=\"https:\/\/soccerhalle-heufeld.de\/wp-content\/uploads\/2025\/09\/IMG_0796-edited-768x432-1.jpg 768w, https:\/\/soccerhalle-heufeld.de\/wp-content\/uploads\/2025\/09\/IMG_0796-edited-768x432-1-300x169.jpg 300w\" sizes=\"auto, (max-width: 768px) 100vw, 768px\" \/><\/figure>\n\n\n\n<div class=\"wp-block-buttons is-layout-flex wp-block-buttons-is-layout-flex\">\n<div class=\"wp-block-button has-custom-width wp-block-button__width-100\"><a class=\"wp-block-button__link has-white-color has-text-color has-background wp-element-button\" href=\".\/court-buchen\/\" style=\"border-radius:0px;background-color:#34b7f1\"><strong>Indoor Bubble Soccer buchen<\/strong><\/a><\/div>\n<\/div>\n<\/div>\n\n\n\n<div class=\"wp-block-column is-layout-flow wp-block-column-is-layout-flow\">\n<figure class=\"wp-block-image size-large\"><img loading=\"lazy\" decoding=\"async\" width=\"1382\" height=\"778\" src=\"https:\/\/soccerhalle-heufeld.de\/wordpress\/wp-content\/uploads\/2023\/09\/BUbble-draussen-edited.png\" alt=\"Bubble Soccer Verleih\" class=\"wp-image-16822\" srcset=\"https:\/\/soccerhalle-heufeld.de\/wp-content\/uploads\/2023\/09\/BUbble-draussen-edited.png 1382w, https:\/\/soccerhalle-heufeld.de\/wp-content\/uploads\/2023\/09\/BUbble-draussen-edited-300x169.png 300w, https:\/\/soccerhalle-heufeld.de\/wp-content\/uploads\/2023\/09\/BUbble-draussen-edited-1024x576.png 1024w, https:\/\/soccerhalle-heufeld.de\/wp-content\/uploads\/2023\/09\/BUbble-draussen-edited-768x432.png 768w\" sizes=\"auto, (max-width: 1382px) 100vw, 1382px\" \/><\/figure>\n\n\n\n<div class=\"wp-block-buttons is-layout-flex wp-block-buttons-is-layout-flex\">\n<div class=\"wp-block-button has-custom-width wp-block-button__width-100\"><a class=\"wp-block-button__link has-white-color has-text-color has-background wp-element-button\" href=\".\/events\/bubble-soccer-verleih\/\" style=\"border-radius:0px;background-color:#34b7f1\"><strong>Bubbles ausleihen<\/strong><\/a><\/div>\n<\/div>\n<\/div>\n<\/div>\n\n\n\n<h3 class=\"wp-block-heading has-medium-font-size\" id=\"h-faq\"><strong>FAQ<\/strong><\/h3>\n\n\n\n<div class=\"wp-block-gutena-accordion gutena-accordion-block gutena-accordion-block-cad642-09 is-layout-flow wp-block-gutena-accordion-is-layout-flow\" data-single=\"true\">\n<div class=\"wp-block-gutena-accordion-panel gutena-accordion-block__panel\">\n<div class=\"wp-block-gutena-accordion-panel-title gutena-accordion-block__panel-title\"><div class=\"gutena-accordion-block__panel-title-inner\">\n<h6 class=\"wp-block-heading has-text-align-left\" id=\"h-wie-buche-ich-einen-bubble-soccer-court\" style=\"margin-top:0px;margin-right:0px;margin-bottom:0px;margin-left:0px\"><strong>Wie buche ich einen Bubble Soccer Court?<\/strong><\/h6>\n<div class=\"trigger-up-down\"><div class=\"horizontal\"><\/div><div class=\"vertical\"><\/div><\/div><\/div><\/div>\n\n\n\n<div class=\"wp-block-gutena-accordion-panel-content gutena-accordion-block__panel-content\"><div class=\"gutena-accordion-block__panel-content-inner\">\n<p style=\"margin-top:0;margin-bottom:0\">Einen Court buchst du ganz einfach in unserem Buchungsmodul (oben in der Men\u00fcleiste &#8222;BUCHUNG&#8220; oder oben auf dem Button &#8222;COURT BUCHEN&#8220;). Nachdem du im ersten Schritt &#8222;Soccer&#8220;,  die Zeit und den passenden Court ausgew\u00e4hlt hast, kannst du im zweiten Schritt &#8222;Extras&#8220; die Bubbles ausw\u00e4hlen. <\/p>\n\n\n\n<p>Ben\u00f6tigst du Hilfe? <strong>Dann ruf uns gerne an unter <mark style=\"background-color:rgba(0, 0, 0, 0)\" class=\"has-inline-color has-vivid-cyan-blue-color\">015563143000<\/mark><\/strong><\/p>\n<\/div><\/div>\n<\/div>\n\n\n\n<div class=\"wp-block-gutena-accordion-panel gutena-accordion-block__panel\">\n<div class=\"wp-block-gutena-accordion-panel-title gutena-accordion-block__panel-title\"><div class=\"gutena-accordion-block__panel-title-inner\">\n<h6 class=\"wp-block-heading has-text-align-left\" id=\"h-kann-ich-einen-gebuchten-court-wieder-stornieren\" style=\"margin-top:0px;margin-right:0px;margin-bottom:0px;margin-left:0px\"><strong>Kann ich einen gebuchten Court wieder stornieren?<\/strong><\/h6>\n<div class=\"trigger-up-down\"><div class=\"horizontal\"><\/div><div class=\"vertical\"><\/div><\/div><\/div><\/div>\n\n\n\n<div class=\"wp-block-gutena-accordion-panel-content gutena-accordion-block__panel-content\"><div class=\"gutena-accordion-block__panel-content-inner\">\n<p style=\"margin-top:0;margin-bottom:0\">Ja, auch das geht online. Bis zu 72 Stunden vor Beginn ist die Stornierung eines Courts sogar kostenfrei m\u00f6glich.<\/p>\n<\/div><\/div>\n<\/div>\n\n\n\n<div class=\"wp-block-gutena-accordion-panel gutena-accordion-block__panel\">\n<div class=\"wp-block-gutena-accordion-panel-title gutena-accordion-block__panel-title\"><div class=\"gutena-accordion-block__panel-title-inner\">\n<h6 class=\"wp-block-heading has-text-align-left\" id=\"h-wann-muss-ich-vor-ort-sein-und-wie-lange-kann-ich-spielen\" style=\"margin-top:0px;margin-right:0px;margin-bottom:0px;margin-left:0px\"><strong>Wann muss ich vor Ort sein und wie lange kann ich spielen? <\/strong><\/h6>\n<div class=\"trigger-up-down\"><div class=\"horizontal\"><\/div><div class=\"vertical\"><\/div><\/div><\/div><\/div>\n\n\n\n<div class=\"wp-block-gutena-accordion-panel-content gutena-accordion-block__panel-content\"><div class=\"gutena-accordion-block__panel-content-inner\">\n<p style=\"margin-top:0;margin-bottom:0\">Am besten kommst du schon etwas vor der gebuchten Zeit, um dich in Ruhe in unseren Kabinen umzuziehen und dich mit der Arena vertraut zu machen. <\/p>\n\n\n\n<p>Die gew\u00f6hnliche Buchungszeit f\u00fcr einen Court liegt bei 1,5h. Jedoch kannst du nat\u00fcrlich den Court auch l\u00e4nger buchen.  <\/p>\n<\/div><\/div>\n<\/div>\n<\/div>\n\n\n\n<p><\/p>\n\n\n\n<div class=\"wp-block-gutena-accordion gutena-accordion-block gutena-accordion-block-83ab1a-c1 is-layout-flow wp-block-gutena-accordion-is-layout-flow\" data-single=\"true\">\n<div class=\"wp-block-gutena-accordion-panel gutena-accordion-block__panel\">\n<div class=\"wp-block-gutena-accordion-panel-title gutena-accordion-block__panel-title\"><div class=\"gutena-accordion-block__panel-title-inner\">\n<h6 class=\"wp-block-heading has-text-align-left\" id=\"h-was-kostet-bubble-soccer-und-was-sind-die-regeln\" style=\"margin-top:0px;margin-right:0px;margin-bottom:0px;margin-left:0px\"><strong>Was kostet Bubble Soccer und was sind die Regeln?<\/strong> <\/h6>\n<div class=\"trigger-up-down\"><div class=\"horizontal\"><\/div><div class=\"vertical\"><\/div><\/div><\/div><\/div>\n\n\n\n<div class=\"wp-block-gutena-accordion-panel-content gutena-accordion-block__panel-content\"><div class=\"gutena-accordion-block__panel-content-inner\">\n<p style=\"margin-top:0;margin-bottom:0\">Hier findest du die <a href=\".\/informationen\/preisliste\/\">Preise<\/a>.<\/p>\n\n\n\n<p style=\"margin-top:0;margin-bottom:0\">Die <a href=\".\/indoor-soccer\/spielregeln\/\">Soccer-Spielregeln<\/a> sind auch auf Bubble Soccer anzuwenden, wobei es bei Bubble Soccer haupts\u00e4chlich um den Spielspa\u00df geht. Es wird gerempelt, gesto\u00dfen oder mit ganzem K\u00f6rpereinsatz gecheckt, sodass sich der Gegenspieler \u00fcberschl\u00e4gt und bis zur n\u00e4chsten Bande rollt. Das ist beim Bubble Soccer kein Foul. <\/p>\n\n\n\n<p style=\"margin-top:0;margin-bottom:0\">Hier findest du die Hinweise zur richtigen <a href=\".\/indoor-soccer\/fussballschuhe\/\">Bekleidung<\/a>.<\/p>\n<\/div><\/div>\n<\/div>\n\n\n\n<div class=\"wp-block-gutena-accordion-panel gutena-accordion-block__panel\">\n<div class=\"wp-block-gutena-accordion-panel-title gutena-accordion-block__panel-title\"><div class=\"gutena-accordion-block__panel-title-inner\">\n<h6 class=\"wp-block-heading has-text-align-left\" id=\"h-konnen-noch-andere-sportarten-gespielt-werden\" style=\"margin-top:0px;margin-right:0px;margin-bottom:0px;margin-left:0px\"><strong>K\u00f6nnen noch andere Sportarten gespielt werden?<\/strong><\/h6>\n<div class=\"trigger-up-down\"><div class=\"horizontal\"><\/div><div class=\"vertical\"><\/div><\/div><\/div><\/div>\n\n\n\n<div class=\"wp-block-gutena-accordion-panel-content gutena-accordion-block__panel-content\"><div class=\"gutena-accordion-block__panel-content-inner\">\n<p style=\"margin-top:0;margin-bottom:0\">Ja klar, neben <a href=\".\/bubble-soccer\/\">Bubble Soccer<\/a> kannst du noch <a href=\".\/sports\/indoor-soccer\/\">Indoor Soccer<\/a><a href=\".\/teqball\/\"> <\/a>und <a href=\".\/squash\/\">Squash <\/a>spielen.<\/p>\n\n\n\n<p>Du kannst die Bubbles auch <a href=\".\/events\/bubble-soccer-verleih\/\">ausleihen<\/a> und den Bubble Spa\u00df an dem Ort deiner Wahl genie\u00dfen. <\/p>\n<\/div><\/div>\n<\/div>\n\n\n\n<div class=\"wp-block-gutena-accordion-panel gutena-accordion-block__panel\">\n<div class=\"wp-block-gutena-accordion-panel-title gutena-accordion-block__panel-title\"><div class=\"gutena-accordion-block__panel-title-inner\">\n<h6 class=\"wp-block-heading has-text-align-left\" id=\"h-wie-alt-muss-ich-sein-um-bubble-soccer-zu-spielen\" style=\"margin-top:0px;margin-right:0px;margin-bottom:0px;margin-left:0px\"><strong>Wie alt muss ich sein, um Bubble Soccer zu spielen? <\/strong><\/h6>\n<div class=\"trigger-up-down\"><div class=\"horizontal\"><\/div><div class=\"vertical\"><\/div><\/div><\/div><\/div>\n\n\n\n<div class=\"wp-block-gutena-accordion-panel-content gutena-accordion-block__panel-content\"><div class=\"gutena-accordion-block__panel-content-inner\">\n<p style=\"margin-top:0;margin-bottom:0\">Wir haben extra Kinder-Bubbles, die das Spielen ab 8  Jahren erm\u00f6glichen.<\/p>\n<\/div><\/div>\n<\/div>\n<\/div>\n\n\n\n<p><\/p>\n\n\n\n<div class=\"wp-block-gutena-accordion gutena-accordion-block gutena-accordion-block-db1248-ea is-layout-flow wp-block-gutena-accordion-is-layout-flow\" data-single=\"true\">\n<div class=\"wp-block-gutena-accordion-panel gutena-accordion-block__panel\">\n<div class=\"wp-block-gutena-accordion-panel-title gutena-accordion-block__panel-title\"><div class=\"gutena-accordion-block__panel-title-inner\">\n<h6 class=\"wp-block-heading has-text-align-left\" id=\"h-kann-ich-mich-beim-bubble-soccer-verletzen\" style=\"margin-top:0px;margin-right:0px;margin-bottom:0px;margin-left:0px\"><strong><strong><strong>Kann ich mich beim Bubble Soccer verletzen?  <\/strong><\/strong><\/strong><\/h6>\n<div class=\"trigger-up-down\"><div class=\"horizontal\"><\/div><div class=\"vertical\"><\/div><\/div><\/div><\/div>\n\n\n\n<div class=\"wp-block-gutena-accordion-panel-content gutena-accordion-block__panel-content\"><div class=\"gutena-accordion-block__panel-content-inner\">\n<p class=\"has-black-color has-text-color has-small-font-size\">Wir legen gro\u00dfen Wert auf die Sicherheit. Unsere Bubbles sind robust und bieten einen hervorragenden Schutz, w\u00e4hrend du dich austobst. Gleichzeitig sorgt unsere hochwertige und sichere Ausr\u00fcstung daf\u00fcr, dass du dich frei bewegen und das Spiel in vollen Z\u00fcgen genie\u00dfen kannst. Wir sind dankbar, dass es bisher noch keine Verletzungen\/Unf\u00e4lle gab, weisen trotzdem daraufhin, dass wir bei m\u00f6glichen Verletzungen\/Unf\u00e4llen nicht haften.<\/p>\n<\/div><\/div>\n<\/div>\n<\/div>\n\n\n\n<p><\/p>\n\n\n\n<hr class=\"wp-block-separator has-alpha-channel-opacity\"\/>\n\n\n\n<p class=\"has-text-align-center has-black-color has-text-color has-small-font-size\"><strong>Hast du noch Fragen? Dann ruf uns gerne an unter <mark style=\"background-color:rgba(0, 0, 0, 0)\" class=\"has-inline-color has-vivid-cyan-blue-color\">015563143000<\/mark><\/strong><\/p>\n","protected":false},"excerpt":{"rendered":"<p>In der Soccerhalle kann Bubble Soccer ganzj\u00e4hrig und wetterunabh\u00e4ngig gespielt werden. Spielspa\u00df in der Halle oder doch das Highlight f\u00fcr dein Outdoor-Event (Firmenfeier, Vereinsfeier, JGA): mit den nach unseren eigenen &#8230;<\/p>\n","protected":false},"author":1,"featured_media":16482,"parent":16582,"menu_order":1,"comment_status":"closed","ping_status":"closed","template":"template-fullwidth.php","meta":{"footnotes":""},"class_list":["post-16104","page","type-page","status-publish","has-post-thumbnail","hentry"],"_links":{"self":[{"href":"https:\/\/soccerhalle-heufeld.de\/index.php\/wp-json\/wp\/v2\/pages\/16104","targetHints":{"allow":["GET"]}}],"collection":[{"href":"https:\/\/soccerhalle-heufeld.de\/index.php\/wp-json\/wp\/v2\/pages"}],"about":[{"href":"https:\/\/soccerhalle-heufeld.de\/index.php\/wp-json\/wp\/v2\/types\/page"}],"author":[{"embeddable":true,"href":"https:\/\/soccerhalle-heufeld.de\/index.php\/wp-json\/wp\/v2\/users\/1"}],"replies":[{"embeddable":true,"href":"https:\/\/soccerhalle-heufeld.de\/index.php\/wp-json\/wp\/v2\/comments?post=16104"}],"version-history":[{"count":8,"href":"https:\/\/soccerhalle-heufeld.de\/index.php\/wp-json\/wp\/v2\/pages\/16104\/revisions"}],"predecessor-version":[{"id":17261,"href":"https:\/\/soccerhalle-heufeld.de\/index.php\/wp-json\/wp\/v2\/pages\/16104\/revisions\/17261"}],"up":[{"embeddable":true,"href":"https:\/\/soccerhalle-heufeld.de\/index.php\/wp-json\/wp\/v2\/pages\/16582"}],"wp:featuredmedia":[{"embeddable":true,"href":"https:\/\/soccerhalle-heufeld.de\/index.php\/wp-json\/wp\/v2\/media\/16482"}],"wp:attachment":[{"href":"https:\/\/soccerhalle-heufeld.de\/index.php\/wp-json\/wp\/v2\/media?parent=16104"}],"curies":[{"name":"wp","href":"https:\/\/api.w.org\/{rel}","templated":true}]}}