{"id":16004,"date":"2022-07-19T14:22:58","date_gmt":"2022-07-19T12:22:58","guid":{"rendered":"https:\/\/www.soccarena.de\/?page_id=16004"},"modified":"2025-09-13T15:30:09","modified_gmt":"2025-09-13T15:30:09","slug":"indoor-soccer","status":"publish","type":"page","link":"https:\/\/soccerhalle-heufeld.de\/index.php\/sports\/indoor-soccer\/","title":{"rendered":"Indoor Soccer"},"content":{"rendered":"\n<h3 class=\"wp-block-heading\"><strong>Die <a href=\".\/soccerhalle\/\">Soccerhalle<\/a> ist die perfekte Location f\u00fcr Indoor Soccer im Landkreis Rosenheim und Umgebung.<\/strong><\/h3>\n\n\n\n<p class=\"has-black-color has-text-color has-small-font-size\">Ob ein einfaches Spiel mit Freunden oder das Training mit der Mannschaft: auf <span style=\"color: #0abbef;\"><a style=\"color: #0abbef;\" href=\".\/indoor-soccer\/kunstrasen\/\">Kunstrasen<\/a><\/span> Courts mit Vollbande und Rundumnetz wird das alles m\u00f6glich!<\/p>\n\n\n\n<p class=\"has-black-color has-text-color has-small-font-size\">Gespielt wird auf einen der drei verschieden gro\u00dfen Courts &#8211; je nach Spieleranzahl.<\/p>\n\n\n\n<p class=\"has-black-color has-text-color has-small-font-size\">Hier findest du die <span style=\"color: #0abbef;\"><a style=\"color: #0abbef;\" href=\".\/indoor-soccer\/spielregeln\/\">Spielregeln<\/a><\/span> &amp; die Hinweise zur richtigen <span style=\"color: #0abbef;\"><a style=\"color: #0abbef;\" href=\".\/indoor-soccer\/fussballschuhe\/\">Bekleidung<\/a><\/span> .&nbsp;<\/p>\n\n\n\n<div class=\"wp-block-columns is-layout-flex wp-container-core-columns-is-layout-9d6595d7 wp-block-columns-is-layout-flex\">\n<div class=\"wp-block-column is-layout-flow wp-block-column-is-layout-flow\"><div class=\"wp-block-image\">\n<figure class=\"aligncenter size-full is-resized\"><img loading=\"lazy\" decoding=\"async\" width=\"1920\" height=\"1080\" src=\"https:\/\/soccerhalle-heufeld.de\/wordpress\/wp-content\/uploads\/2019\/12\/FAQs.jpg\" alt=\"Indoor Soccer\" class=\"wp-image-9990\" style=\"width:454px;height:auto\" srcset=\"https:\/\/soccerhalle-heufeld.de\/wp-content\/uploads\/2019\/12\/FAQs.jpg 1920w, https:\/\/soccerhalle-heufeld.de\/wp-content\/uploads\/2019\/12\/FAQs-300x169.jpg 300w, https:\/\/soccerhalle-heufeld.de\/wp-content\/uploads\/2019\/12\/FAQs-1024x576.jpg 1024w, https:\/\/soccerhalle-heufeld.de\/wp-content\/uploads\/2019\/12\/FAQs-768x432.jpg 768w, https:\/\/soccerhalle-heufeld.de\/wp-content\/uploads\/2019\/12\/FAQs-1536x864.jpg 1536w\" sizes=\"auto, (max-width: 1920px) 100vw, 1920px\" \/><figcaption class=\"wp-element-caption\">Indoor Soccer<\/figcaption><\/figure>\n<\/div>\n\n\n<div class=\"wp-block-buttons is-layout-flex wp-block-buttons-is-layout-flex\">\n<div class=\"wp-block-button has-custom-width wp-block-button__width-100\"><a class=\"wp-block-button__link has-white-color has-text-color has-background wp-element-button\" href=\".\/court-buchen\/\" style=\"border-radius:0px;background-color:#34b7f1\"><strong>jetzt Court buchen<\/strong><\/a><\/div>\n<\/div>\n<\/div>\n<\/div>\n\n\n\n<p><\/p>\n\n\n\n<h3 class=\"wp-block-heading has-medium-font-size\" id=\"h-faq\"><strong>FAQ<\/strong><\/h3>\n\n\n\n<div class=\"wp-block-gutena-accordion gutena-accordion-block gutena-accordion-block-cad642-09 is-layout-flow wp-block-gutena-accordion-is-layout-flow\" data-single=\"true\">\n<div class=\"wp-block-gutena-accordion-panel gutena-accordion-block__panel\">\n<div class=\"wp-block-gutena-accordion-panel-title gutena-accordion-block__panel-title\"><div class=\"gutena-accordion-block__panel-title-inner\">\n<h6 class=\"wp-block-heading has-text-align-left\" id=\"h-wie-buche-ich-einen-indoor-soccer-court\" style=\"margin-top:0px;margin-right:0px;margin-bottom:0px;margin-left:0px\"><strong>Wie buche ich einen Indoor Soccer Court?<\/strong><\/h6>\n<div class=\"trigger-up-down\"><div class=\"horizontal\"><\/div><div class=\"vertical\"><\/div><\/div><\/div><\/div>\n\n\n\n<div class=\"wp-block-gutena-accordion-panel-content gutena-accordion-block__panel-content\"><div class=\"gutena-accordion-block__panel-content-inner\">\n<p style=\"margin-top:0;margin-bottom:0\">Einen Court buchst du ganz einfach in unserem <a href=\".\/court-buchen\/\">Buchungsmodul <\/a>(oben in der Men\u00fcleiste &#8222;BUCHUNG&#8220; oder oben auf dem Button &#8222;COURT BUCHEN&#8220;). Dort kann sowohl der Termin und die passende Court-Gr\u00f6\u00dfe ausgew\u00e4hlt werden, als auch die zus\u00e4tzlichen Highlights wie Bubble Soccer oder Squash.<\/p>\n<\/div><\/div>\n<\/div>\n\n\n\n<div class=\"wp-block-gutena-accordion-panel gutena-accordion-block__panel\">\n<div class=\"wp-block-gutena-accordion-panel-title gutena-accordion-block__panel-title\"><div class=\"gutena-accordion-block__panel-title-inner\">\n<h6 class=\"wp-block-heading has-text-align-left\" id=\"h-kann-ich-einen-gebuchten-court-wieder-stornieren\" style=\"margin-top:0px;margin-right:0px;margin-bottom:0px;margin-left:0px\"><strong>Kann ich einen gebuchten Court wieder stornieren?<\/strong><\/h6>\n<div class=\"trigger-up-down\"><div class=\"horizontal\"><\/div><div class=\"vertical\"><\/div><\/div><\/div><\/div>\n\n\n\n<div class=\"wp-block-gutena-accordion-panel-content gutena-accordion-block__panel-content\"><div class=\"gutena-accordion-block__panel-content-inner\">\n<p style=\"margin-top:0;margin-bottom:0\">Ja, auch das geht online. Bis zu 72 Stunden vor Beginn ist die Stornierung eines Courts sogar kostenfrei m\u00f6glich.<\/p>\n<\/div><\/div>\n<\/div>\n\n\n\n<div class=\"wp-block-gutena-accordion-panel gutena-accordion-block__panel\">\n<div class=\"wp-block-gutena-accordion-panel-title gutena-accordion-block__panel-title\"><div class=\"gutena-accordion-block__panel-title-inner\">\n<h6 class=\"wp-block-heading has-text-align-left\" id=\"h-wann-muss-ich-vor-ort-sein-und-wie-lange-kann-ich-spielen\" style=\"margin-top:0px;margin-right:0px;margin-bottom:0px;margin-left:0px\"><strong>Wann muss ich vor Ort sein und wie lange kann ich spielen? <\/strong><\/h6>\n<div class=\"trigger-up-down\"><div class=\"horizontal\"><\/div><div class=\"vertical\"><\/div><\/div><\/div><\/div>\n\n\n\n<div class=\"wp-block-gutena-accordion-panel-content gutena-accordion-block__panel-content\"><div class=\"gutena-accordion-block__panel-content-inner\">\n<p style=\"margin-top:0;margin-bottom:0\">Am besten kommst du schon etwas vor der gebuchten Zeit, um dich in Ruhe in unseren Kabinen umzuziehen und dich mit der Arena vertraut zu machen. <\/p>\n\n\n\n<p>Die gew\u00f6hnliche Buchungszeit f\u00fcr einen Court liegt bei 1,5h. Jedoch kannst du nat\u00fcrlich den Court auch l\u00e4nger buchen.  <\/p>\n<\/div><\/div>\n<\/div>\n<\/div>\n\n\n\n<p><\/p>\n\n\n\n<div class=\"wp-block-gutena-accordion gutena-accordion-block gutena-accordion-block-fc5618-3c is-layout-flow wp-block-gutena-accordion-is-layout-flow\" data-single=\"true\">\n<div class=\"wp-block-gutena-accordion-panel gutena-accordion-block__panel\">\n<div class=\"wp-block-gutena-accordion-panel-title gutena-accordion-block__panel-title\"><div class=\"gutena-accordion-block__panel-title-inner\">\n<h6 class=\"wp-block-heading has-text-align-left\" id=\"h-was-kostet-indoor-soccer-und-was-sind-die-regeln\" style=\"margin-top:0px;margin-right:0px;margin-bottom:0px;margin-left:0px\"><strong>Was kostet Indoor Soccer und was sind die Regeln?<\/strong> <\/h6>\n<div class=\"trigger-up-down\"><div class=\"horizontal\"><\/div><div class=\"vertical\"><\/div><\/div><\/div><\/div>\n\n\n\n<div class=\"wp-block-gutena-accordion-panel-content gutena-accordion-block__panel-content\"><div class=\"gutena-accordion-block__panel-content-inner\">\n<p style=\"margin-top:0;margin-bottom:0\">Hier findest du die <a href=\".\/informationen\/preisliste\/\">Preise<\/a>, die <a href=\".\/indoor-soccer\/spielregeln\/\">Indoor-Soccer-Spielregeln<\/a> und die Hinweise zur richtigen <a href=\".\/indoor-soccer\/fussballschuhe\/\">Bekleidung<\/a>.<\/p>\n<\/div><\/div>\n<\/div>\n\n\n\n<div class=\"wp-block-gutena-accordion-panel gutena-accordion-block__panel\">\n<div class=\"wp-block-gutena-accordion-panel-title gutena-accordion-block__panel-title\"><div class=\"gutena-accordion-block__panel-title-inner\">\n<h6 class=\"wp-block-heading has-text-align-left\" id=\"h-konnen-noch-andere-sportarten-gespielt-werden\" style=\"margin-top:0px;margin-right:0px;margin-bottom:0px;margin-left:0px\"><strong>K\u00f6nnen noch andere Sportarten gespielt werden?<\/strong><\/h6>\n<div class=\"trigger-up-down\"><div class=\"horizontal\"><\/div><div class=\"vertical\"><\/div><\/div><\/div><\/div>\n\n\n\n<div class=\"wp-block-gutena-accordion-panel-content gutena-accordion-block__panel-content\"><div class=\"gutena-accordion-block__panel-content-inner\">\n<p style=\"margin-top:0;margin-bottom:0\">Ja klar, neben Indoor Soccer kannst du noch <a href=\".\/bubble-soccer\/\">Bubble Soccer<\/a> und <a href=\".\/squash\/\">Squash <\/a>spielen.<\/p>\n<\/div><\/div>\n<\/div>\n<\/div>\n\n\n\n<p><\/p>\n\n\n\n<hr class=\"wp-block-separator has-alpha-channel-opacity\"\/>\n\n\n\n<p class=\"has-text-align-center has-black-color has-text-color has-small-font-size\"><strong>Hast du noch Fragen? Dann ruf uns gerne an unter <\/strong><a href=\"tel:+491788816241\">+49 (0) 178 \/ 8816241<\/a><\/p>\n","protected":false},"excerpt":{"rendered":"<p>Die Soccerhalle ist die perfekte Location f\u00fcr Indoor Soccer im Landkreis Rosenheim und Umgebung. Ob ein einfaches Spiel mit Freunden oder das Training mit der Mannschaft: auf Kunstrasen Courts mit &#8230;<\/p>\n","protected":false},"author":1,"featured_media":0,"parent":16582,"menu_order":0,"comment_status":"closed","ping_status":"closed","template":"template-fullwidth.php","meta":{"footnotes":""},"class_list":["post-16004","page","type-page","status-publish","hentry"],"_links":{"self":[{"href":"https:\/\/soccerhalle-heufeld.de\/index.php\/wp-json\/wp\/v2\/pages\/16004","targetHints":{"allow":["GET"]}}],"collection":[{"href":"https:\/\/soccerhalle-heufeld.de\/index.php\/wp-json\/wp\/v2\/pages"}],"about":[{"href":"https:\/\/soccerhalle-heufeld.de\/index.php\/wp-json\/wp\/v2\/types\/page"}],"author":[{"embeddable":true,"href":"https:\/\/soccerhalle-heufeld.de\/index.php\/wp-json\/wp\/v2\/users\/1"}],"replies":[{"embeddable":true,"href":"https:\/\/soccerhalle-heufeld.de\/index.php\/wp-json\/wp\/v2\/comments?post=16004"}],"version-history":[{"count":6,"href":"https:\/\/soccerhalle-heufeld.de\/index.php\/wp-json\/wp\/v2\/pages\/16004\/revisions"}],"predecessor-version":[{"id":17164,"href":"https:\/\/soccerhalle-heufeld.de\/index.php\/wp-json\/wp\/v2\/pages\/16004\/revisions\/17164"}],"up":[{"embeddable":true,"href":"https:\/\/soccerhalle-heufeld.de\/index.php\/wp-json\/wp\/v2\/pages\/16582"}],"wp:attachment":[{"href":"https:\/\/soccerhalle-heufeld.de\/index.php\/wp-json\/wp\/v2\/media?parent=16004"}],"curies":[{"name":"wp","href":"https:\/\/api.w.org\/{rel}","templated":true}]}}