{"id":15722,"date":"2016-08-10T15:21:38","date_gmt":"2016-08-10T13:21:38","guid":{"rendered":"http:\/\/www.gardacup.at\/?page_id=150"},"modified":"2025-09-13T13:57:23","modified_gmt":"2025-09-13T13:57:23","slug":"oeffnungszeiten","status":"publish","type":"page","link":"https:\/\/soccerhalle-heufeld.de\/index.php\/informationen\/oeffnungszeiten\/","title":{"rendered":"\u00d6ffnungszeiten"},"content":{"rendered":"\n<div class=\"wp-block-columns is-layout-flex wp-container-core-columns-is-layout-9d6595d7 wp-block-columns-is-layout-flex\">\n<div class=\"wp-block-column is-layout-flow wp-block-column-is-layout-flow\">\n<h2 class=\"wp-block-heading\" id=\"h-offnungszeitensoccarena\">\u00d6ffnungszeiten<br>Soccerhalle<\/h2>\n\n\n\n<ul class=\"wp-block-list has-black-color has-text-color\">\n<li>Montag &#8211; Sonntag &amp; an Feiertagen<strong> 09:00 &#8211; 22:30 Uhr<\/strong><\/li>\n<\/ul>\n<\/div>\n\n\n\n<div class=\"wp-block-column is-layout-flow wp-block-column-is-layout-flow\">\n<h2 class=\"wp-block-heading\" id=\"h-offnungszeitengastronomie\">\u00d6ffnungszeiten<br>Gastronomie<\/h2>\n\n\n\n<ul class=\"wp-block-list has-black-color has-text-color\">\n<li class=\"has-small-font-size\">Montag &#8211; Sonntag <strong>09:00 &#8211; 22:30 Uhr<\/strong><\/li>\n<\/ul>\n<\/div>\n<\/div>\n\n\n\n<p class=\"has-black-color has-text-color has-small-font-size\">Das Turnier, der JGA oder Kindergeburtstag soll au\u00dferhalb der regul\u00e4ren \u00d6ffnungszeiten stattfinden &#8211; kein Problem. Wir passen die \u00d6ffnungszeiten problemlos nach deinen W\u00fcnschen an.<\/p>\n\n\n\n<p class=\"has-black-color has-text-color has-small-font-size\">Ruf uns an unter <a href=\"tel:+491788816241\">+49 (0) 178 \/ 8816241<\/a> &#8211; wir freuen uns auf dich!<\/p>\n\n\n\n<p class=\"has-black-color has-text-color\" style=\"font-size:9px\">Hinweis: \u00c4nderungen vorbehalten. Wir behalten uns vor, die \u00d6ffnungszeiten zu anzupassen, sofern keine Buchungen vorliegen.<\/p>\n\n\n\n<p><\/p>\n","protected":false},"excerpt":{"rendered":"<p>\u00d6ffnungszeitenSoccerhalle \u00d6ffnungszeitenGastronomie Das Turnier, der JGA oder Kindergeburtstag soll au\u00dferhalb der regul\u00e4ren \u00d6ffnungszeiten stattfinden &#8211; kein Problem. Wir passen die \u00d6ffnungszeiten problemlos nach deinen W\u00fcnschen an. Ruf uns an unter &#8230;<\/p>\n","protected":false},"author":1,"featured_media":16500,"parent":15719,"menu_order":0,"comment_status":"closed","ping_status":"closed","template":"","meta":{"footnotes":""},"class_list":["post-15722","page","type-page","status-publish","has-post-thumbnail","hentry"],"_links":{"self":[{"href":"https:\/\/soccerhalle-heufeld.de\/index.php\/wp-json\/wp\/v2\/pages\/15722","targetHints":{"allow":["GET"]}}],"collection":[{"href":"https:\/\/soccerhalle-heufeld.de\/index.php\/wp-json\/wp\/v2\/pages"}],"about":[{"href":"https:\/\/soccerhalle-heufeld.de\/index.php\/wp-json\/wp\/v2\/types\/page"}],"author":[{"embeddable":true,"href":"https:\/\/soccerhalle-heufeld.de\/index.php\/wp-json\/wp\/v2\/users\/1"}],"replies":[{"embeddable":true,"href":"https:\/\/soccerhalle-heufeld.de\/index.php\/wp-json\/wp\/v2\/comments?post=15722"}],"version-history":[{"count":3,"href":"https:\/\/soccerhalle-heufeld.de\/index.php\/wp-json\/wp\/v2\/pages\/15722\/revisions"}],"predecessor-version":[{"id":17250,"href":"https:\/\/soccerhalle-heufeld.de\/index.php\/wp-json\/wp\/v2\/pages\/15722\/revisions\/17250"}],"up":[{"embeddable":true,"href":"https:\/\/soccerhalle-heufeld.de\/index.php\/wp-json\/wp\/v2\/pages\/15719"}],"wp:featuredmedia":[{"embeddable":true,"href":"https:\/\/soccerhalle-heufeld.de\/index.php\/wp-json\/wp\/v2\/media\/16500"}],"wp:attachment":[{"href":"https:\/\/soccerhalle-heufeld.de\/index.php\/wp-json\/wp\/v2\/media?parent=15722"}],"curies":[{"name":"wp","href":"https:\/\/api.w.org\/{rel}","templated":true}]}}