{"id":15721,"date":"2016-08-10T15:20:20","date_gmt":"2016-08-10T13:20:20","guid":{"rendered":"http:\/\/www.gardacup.at\/?page_id=148"},"modified":"2025-09-13T17:44:44","modified_gmt":"2025-09-13T17:44:44","slug":"agb","status":"publish","type":"page","link":"https:\/\/soccerhalle-heufeld.de\/index.php\/rechtliche-hinweise\/agb\/","title":{"rendered":"Allgemeine Gesch\u00e4ftsbedingungen"},"content":{"rendered":"<p class=\"lead\">Diese AGB regeln die Gesch\u00e4ftsbeziehungen der Soccerhalle GmbH (im Folgenden &#8222;Soccerhalle&#8220;) mit ihren Kunden und sind verbindliche Vertragsbestandteile.<\/p>\n<h2>I. BUCHUNG VON COURTS<\/h2>\n<h3>1. Online-Buchung von Courts<\/h3>\n<p>Die Online-Buchung von Courts ist nur nach vorheriger Registrierung auf der Website m\u00f6glich. Zur Abwicklung der Onlinebuchungen arbeitet die Soccerhalle mit dem externen Anbieter Eversports zusammen. Der Kunde erkl\u00e4rt sich damit einverstanden, dass seine Daten auf dem Webserver zu diesem Zweck gespeichert werden. Ein Weitergabe der Daten an fremde Dritte findet nicht statt.<\/p>\n<h3>2. Bezahlung der Platznutzungsgeb\u00fchren<\/h3>\n<p>Die Platznutzungsgeb\u00fchren k\u00f6nnen bei Einzelbuchungen auf folgende Weise bezahlt werden:<\/p>\n<ul>\n<li>vor Ort in bar<\/li>\n<li>vor Ort per EC-Karte<\/li>\n<p><!--\n \t\n\n<li>vorab per Kreditkarte<\/li>\n\n\n \t\n\n<li>vorab per Paypal<\/li>\n\n\n \t\n\n<li>vorab per Klarna \/ Sofort\u00fcberweisung<\/li>\n\n\n--><\/ul>\n<p>Die Platznutzungsgeb\u00fchren bei Abonnements werden ausschlie\u00dflich mittels Lastschriftauftrag\/Einzugserm\u00e4chtigung beglichen.<\/p>\n<p>Sollte eine Trainingseinheit nicht wie vereinbart vor Ort in bar bezahlt werden, erkl\u00e4rt sich der Kunde damit einverstanden, der Soccerhalle eine Einzugserm\u00e4chtigung zu erteilen und ein entsprechendes Formular mit den korrekten Bankdaten zur Verf\u00fcgung zu stellen.<\/p>\n<p>F\u00fcr den Fall, dass ein Lastschriftauftrag widerrufen oder mangels ausreichender Deckung nicht durchgef\u00fchrt wird, werden dem Kunden die anfallenden Bankgeb\u00fchren zzgl. einer Bearbeitungsgeb\u00fchr (gesamt Euro 20,&#8211;) in Rechnung gestellt.<\/p>\n<h3>3. Sperrung von Accounts<\/h3>\n<p>Die Soccerhalle beh\u00e4lt sich vor, Online-Accounts zu sperren, sofern offene Forderungen gegen den Kunden bestehen. Die Sperrung wird aufgehoben, nachdem die Teilnahme am Lastschriftverfahren erkl\u00e4rt wurde.<\/p>\n<h2>II. STORNIERUNG<\/h2>\n<p>Der Kunde ist berechtigt, jederzeit bis zum gebuchten Termin vom Vertrag zur\u00fcckzutreten. Der R\u00fccktritt muss in schriftlicher Form erfolgen. Soccerhalle steht in diesem Fall unter Verlust des Anspruchs auf die vereinbarte Vertragsgeb\u00fchr gesetzlich eine angemessene Entsch\u00e4digung zu.<\/p>\n<p>Gebuchte Spielzeiten k\u00f6nnen jederzeit vor dem gebuchten Termin wieder online im passwortgesch\u00fctzten Bereich unter Meine Buchungen storniert werden. Der Kunde akzeptiert, dass eine andersartige, etwa telefonisch oder per Email durchgef\u00fchrte Stornierung, nicht zul\u00e4ssig ist.<\/p>\n<p>Erfolgt die Stornierung bis sp\u00e4testens 72 Stunden vor dem gebuchten Termin, werden keine Stornogeb\u00fchren f\u00e4llig. Sollte die Stornierung danach oder gar nicht erfolgen und die Mannschaft tritt nicht an (&#8222;No show&#8220;), wird der regul\u00e4re Preis f\u00e4llig. Sofern eine Ersatzbuchung erfolgt, das hei\u00dft ein anderer Kunde diesen Termin und diesen Court bucht, erfolgt die Verrechnung mit einer sp\u00e4teren Buchung.<\/p>\n<p>Erfolgt eine Stornierung f\u00fcr einen Termin mit Bubbles bis sp\u00e4testens 31 Tage vor dem gebuchten Termin, werden keine Stornogeb\u00fchren f\u00e4llig. Danach errechnen sich die Stornogeb\u00fchren nach folgender Staffel:<\/p>\n<ul>\n<li>bis 31 Tage vor dem gebuchten Termin erhebt Soccerhalle eine Stornogeb\u00fchr von 25%<\/li>\n<li>vom 30. bis 11. Tag 60%,<\/li>\n<li>vom 10. bis zum 3. Tag 80%,<\/li>\n<li>vom 2. bis einen Tag vor dem Termin 95%,<\/li>\n<li>am Tag des gebuchten Termins 100% des Gesamtpreises.<\/li>\n<\/ul>\n<p>Nach einer Stornierung, bei der die 72 Stunden-Regel greift, wird der Account f\u00fcr Online-Buchungen gesperrt, bis der Kunde seine Bankdaten angibt und sich mit der Abbuchung der offenen Betr\u00e4ge von seinem Bankkonto einverstanden erkl\u00e4rt.<\/p>\n<h2>III. ABONNEMENTS<\/h2>\n<h3>1. G\u00fcltigkeit, Laufzeiten und K\u00fcndigung<\/h3>\n<p>Die Soccerhalle bietet Ihren Kunden an, unbefristete Vertr\u00e4ge (&#8222;Abonnements&#8220;) bez\u00fcglich der Nutzung der Sportst\u00e4tten abzuschlie\u00dfen. Diese Vertr\u00e4ge m\u00fcssen zwingend schriftlich mittels des entsprechenden Formulars abgeschlossen werden. Sie sind beiderseits schriftlich mit einer Frist von vier Wochen zum Vertragsende k\u00fcndbar.<\/p>\n<p>Die Mitgliedsbeitr\u00e4ge verstehen sich inklusive der derzeit g\u00fcltigen Mehrwertsteuer in H\u00f6he von 19% und k\u00f6nnen bei einer Mwst-Erh\u00f6hung entsprechend angepasst werden.<\/p>\n<h2>IV. VERHALTEN IN DER HALLE<\/h2>\n<h3>1. Hausordnung<\/h3>\n<p>Die Betreiberin der Soccerhalle, die Soccerhalle GmbH, hat eine Hausordnung und Nutzungsregeln erlassen, die in der Halle aush\u00e4ngen. Der Kunde erkl\u00e4rt sich mit diesen Regeln einverstanden.<\/p>\n<h3>2. Verunreinigung der Sportanlagen<\/h3>\n<p>Um die Sportanlagen vor Verunreinigung zu sch\u00fctzen, ist es nicht erlaubt, Tiere, Fl\u00fcssigkeiten, Nahrungsmittel, Kaugummis und Zigaretten mit in die Halle zu nehmen. Jegliche Verunreinigungen sollen tunlichst vermieden werden. Der Kunde verpflichet sich, mitgebrachte Gegenst\u00e4nde, insbesondere Getr\u00e4nkeflaschen, eigenst\u00e4ndig zu entsorgen.<\/p>\n<h3>3. Geeignetes Schuhwerk<\/h3>\n<p>Die Kunstrasenpl\u00e4tze d\u00fcrfen nur mit geeignetem und sauberem Schuhwerk bespielt werden. Stollenschuhe sind ausdr\u00fccklich verboten. Die Squash-Courts d\u00fcrfen nur mit Hallenturnschuhen mit hellen Sohlen betreten werden.<\/p>\n<h3>4. Haftungsbeschr\u00e4nkung<\/h3>\n<p>Die Nutzung der Sportanlagen ist nur erlaubt, wenn folgende Haftungsbeschr\u00e4nkung akzeptiert wird:<\/p>\n<p>Ich versichere, dass ich keinerlei Rechtsanspr\u00fcche und Forderungen an die Soccerhalle, sowie deren Helfer oder Beauftragte, alle sonstigen Personen oder K\u00f6rperschaften stellen werde, soweit nicht Haftpflichtversicherungsanspr\u00fcche bestehen.<\/p>\n<p>Ich wei\u00df und bin damit einverstanden, dass ich die alleinige Verantwortlichkeit f\u00fcr meine pers\u00f6nlichen Besitzgegenst\u00e4nde und die Sportausr\u00fcstung w\u00e4hrend der Wettk\u00e4mpfe und der damit zusammenh\u00e4ngenden Aktivit\u00e4ten habe.<\/p>\n<p>Ich sichere hiermit zu, dass ich k\u00f6rperlich fit bin, f\u00fcr den Wettkampf ausreichend trainiert habe und meine Tauglichkeit zur Teilnahme durch einen Arzt attestiert worden ist. Ich bin bereits jetzt einverstanden, dass ich w\u00e4hrend des Wettkampfes medizinisch behandelt werde, falls dies bei Auftreten von Verletzungen, im Falle eines Unfalls und\/oder bei Erkrankung im Verlauf des Wettkampfs ratsam sein sollte. Jegliche \u00e4rztliche Inanspruchnahme &#8211; auch im Rahmen regenerativer Infusionstherapie &#8211; ist kostenpflichtig und wird entweder \u00fcber die Krankenkasse oder privat liquidiert.<\/p>\n<p>Ich erlaube Ihnen hiermit, dass mein Name und Bilder von mir gratis und uneingeschr\u00e4nkt verwendet werden d\u00fcrfen, soweit dies im Zusammenhang mit dem Wettkampf steht.<\/p>\n<p>Hiermit stelle ich die Veranstalter, die Ausrichter und Helfer des Wettkampfs von s\u00e4mtlichen Haftungsanspr\u00fcchen frei, sofern diese nicht \u00fcber die gesetzliche Haftpflicht gedeckt sind. Eingeschlossen sind hierin s\u00e4mtliche unmittelbaren und mittelbaren Sch\u00e4den sowie \u00fcbergesetzliche Anspr\u00fcche, die ich oder meine Erben oder sonstige Dritte aufgrund von erlittenen Verletzungen oder im Todesfall geltend machen k\u00f6nnten. Dies gilt nicht, falls Sch\u00e4den auf grob fahrl\u00e4ssiges oder vors\u00e4tzliches Handeln der Veranstalter, Ausrichter und Helfer zur\u00fcckzuf\u00fchren sind. Weiter stelle ich die Veranstalter, Ausrichter und Helfer von jeglicher Haftung gegen\u00fcber Dritten frei, soweit diese Dritten Sch\u00e4den in Folge meiner Teilnahme am Wettkampf w\u00e4hrend der Veranstaltung erleiden. Mir ist bekannt, dass die Teilnahme am Wettkampf Gefahren in sich birgt und das Risiko ernsthafter Verletzungen bis hin zu t\u00f6dlichen Unf\u00e4llen und Eigentumsbesch\u00e4digungen nicht ausgeschlossen werden kann. Mit der Nutzung der Sportst\u00e4tten erkl\u00e4re ich abschlie\u00dfend, dass ich diese Verzichts-, Freistellungs- und Verpflichtungserkl\u00e4rung sorgf\u00e4ltig und im einzelnen durchgelesen habe und mit deren Inhalt ausdr\u00fccklich einverstanden bin.<\/p>\n<p>Bez\u00fcglich der Organisation von Veranstaltungen mit Kindern tritt die Soccherhalle nicht als Veranstalter auf, sondern der Kunde selbst. Die Soccerhalle stellt lediglich die R\u00e4umlichkeiten und nach Absprache Sportartikel zur Verf\u00fcgung. Die Soccerhalle haftet daf\u00fcr lediglich im Rahmen grober Fahrl\u00e4ssigkeit. In allen anderen F\u00e4llen stellt der Kunde Soccerhalle von jeglicher Haftung frei und \u00fcbernimmt selbst die Verantwortung und Haftung.<\/p>\n<p>Rosenheim, Stand: 01. April 2022<\/p>\n","protected":false},"excerpt":{"rendered":"<p>Diese AGB regeln die Gesch\u00e4ftsbeziehungen der Soccerhalle GmbH (im Folgenden &#8222;Soccerhalle&#8220;) mit ihren Kunden und sind verbindliche Vertragsbestandteile. I. BUCHUNG VON COURTS 1. Online-Buchung von Courts Die Online-Buchung von Courts &#8230;<\/p>\n","protected":false},"author":1,"featured_media":0,"parent":2948,"menu_order":4,"comment_status":"closed","ping_status":"closed","template":"","meta":{"footnotes":""},"class_list":["post-15721","page","type-page","status-publish","hentry"],"_links":{"self":[{"href":"https:\/\/soccerhalle-heufeld.de\/index.php\/wp-json\/wp\/v2\/pages\/15721","targetHints":{"allow":["GET"]}}],"collection":[{"href":"https:\/\/soccerhalle-heufeld.de\/index.php\/wp-json\/wp\/v2\/pages"}],"about":[{"href":"https:\/\/soccerhalle-heufeld.de\/index.php\/wp-json\/wp\/v2\/types\/page"}],"author":[{"embeddable":true,"href":"https:\/\/soccerhalle-heufeld.de\/index.php\/wp-json\/wp\/v2\/users\/1"}],"replies":[{"embeddable":true,"href":"https:\/\/soccerhalle-heufeld.de\/index.php\/wp-json\/wp\/v2\/comments?post=15721"}],"version-history":[{"count":2,"href":"https:\/\/soccerhalle-heufeld.de\/index.php\/wp-json\/wp\/v2\/pages\/15721\/revisions"}],"predecessor-version":[{"id":17212,"href":"https:\/\/soccerhalle-heufeld.de\/index.php\/wp-json\/wp\/v2\/pages\/15721\/revisions\/17212"}],"up":[{"embeddable":true,"href":"https:\/\/soccerhalle-heufeld.de\/index.php\/wp-json\/wp\/v2\/pages\/2948"}],"wp:attachment":[{"href":"https:\/\/soccerhalle-heufeld.de\/index.php\/wp-json\/wp\/v2\/media?parent=15721"}],"curies":[{"name":"wp","href":"https:\/\/api.w.org\/{rel}","templated":true}]}}