{"id":1058,"date":"2017-05-12T10:09:02","date_gmt":"2017-05-12T08:09:02","guid":{"rendered":"https:\/\/www.soccarena.de\/?page_id=1058"},"modified":"2026-02-13T12:06:14","modified_gmt":"2026-02-13T12:06:14","slug":"unternehmen","status":"publish","type":"page","link":"https:\/\/soccerhalle-heufeld.de\/index.php\/events\/unternehmen\/","title":{"rendered":"Firmenevent"},"content":{"rendered":"\n<h3 class=\"wp-block-heading has-black-color has-text-color has-medium-font-size\" id=\"h-individuelle-firmen-und-teamevents\"><strong>Individuelle Firmen- und Teamevents<\/strong><\/h3>\n\n\n\n<p class=\"has-black-color has-text-color has-small-font-size\">In der Soccerhalle k\u00f6nnen wir Ihnen individuelle Komplettpakete f\u00fcr Ihr Firmen- oder Teamevent anbieten. Alles inklusive zu einem g\u00fcnstigen Pauschalpreis &#8211; da freut sich auch Ihr Controller!<\/p>\n\n\n\n<p class=\"has-black-color has-text-color has-small-font-size\">Vertrauen, Zusammenhalt sowie die Motivation des Personals bilden das Fundament f\u00fcr ein erfolgreiches Unternehmen. Ein <strong>Firmenevent <\/strong>bietet die perfekte Gelegenheit, um die Mitarbeiter eines Betriebes \u201ean einen Tisch zu bringen\u201c. <\/p>\n\n\n\n<p class=\"has-black-color has-text-color has-small-font-size\">Alle k\u00f6nnen fern des Tagesgesch\u00e4ftes ins Gespr\u00e4ch kommen und sich untereinander besser kennen lernen. Eine Einladung f\u00fcr ein gemeinsames Essen ist Schnee von gestern. Heute wird von einem Firmenevent viel mehr verlangt. In erster Linie muss es mit Spa\u00df verbunden sein, das \u201eWir-Gef\u00fchl\u201d steigern sowie die Mitarbeiter motivieren.<\/p>\n\n\n\n<figure class=\"wp-block-gallery has-nested-images columns-default is-cropped wp-block-gallery-1 is-layout-flex wp-block-gallery-is-layout-flex\">\n<figure class=\"wp-block-image size-full\"><img loading=\"lazy\" decoding=\"async\" width=\"1024\" height=\"768\" data-id=\"190\" src=\"https:\/\/soccerhalle-heufeld.de\/wp-content\/uploads\/2025\/09\/gastro6-1024x768-1.jpg\" alt=\"\" class=\"wp-image-190\" srcset=\"https:\/\/soccerhalle-heufeld.de\/wp-content\/uploads\/2025\/09\/gastro6-1024x768-1.jpg 1024w, https:\/\/soccerhalle-heufeld.de\/wp-content\/uploads\/2025\/09\/gastro6-1024x768-1-300x225.jpg 300w, https:\/\/soccerhalle-heufeld.de\/wp-content\/uploads\/2025\/09\/gastro6-1024x768-1-768x576.jpg 768w\" sizes=\"auto, (max-width: 1024px) 100vw, 1024px\" \/><\/figure>\n\n\n\n<figure class=\"wp-block-image size-full\"><img loading=\"lazy\" decoding=\"async\" width=\"300\" height=\"225\" data-id=\"88\" src=\"https:\/\/soccerhalle-heufeld.de\/wp-content\/uploads\/2025\/09\/Bild_9-300x225-1.jpg\" alt=\"\" class=\"wp-image-88\"\/><\/figure>\n\n\n\n<figure class=\"wp-block-image size-full\"><img loading=\"lazy\" decoding=\"async\" width=\"640\" height=\"480\" data-id=\"16776\" src=\"https:\/\/soccerhalle-heufeld.de\/wp-content\/uploads\/2023\/09\/Bild_2-1.jpg\" alt=\"\" class=\"wp-image-16776\" srcset=\"https:\/\/soccerhalle-heufeld.de\/wp-content\/uploads\/2023\/09\/Bild_2-1.jpg 640w, https:\/\/soccerhalle-heufeld.de\/wp-content\/uploads\/2023\/09\/Bild_2-1-300x225.jpg 300w\" sizes=\"auto, (max-width: 640px) 100vw, 640px\" \/><\/figure>\n\n\n\n<figure class=\"wp-block-image size-large\"><img loading=\"lazy\" decoding=\"async\" width=\"1024\" height=\"768\" data-id=\"16511\" src=\"https:\/\/soccerhalle-heufeld.de\/wp-content\/uploads\/2023\/05\/35-2-scaled-1-1024x768.jpg\" alt=\"\" class=\"wp-image-16511\" srcset=\"https:\/\/soccerhalle-heufeld.de\/wp-content\/uploads\/2023\/05\/35-2-scaled-1-1024x768.jpg 1024w, https:\/\/soccerhalle-heufeld.de\/wp-content\/uploads\/2023\/05\/35-2-scaled-1-300x225.jpg 300w, https:\/\/soccerhalle-heufeld.de\/wp-content\/uploads\/2023\/05\/35-2-scaled-1-768x576.jpg 768w, https:\/\/soccerhalle-heufeld.de\/wp-content\/uploads\/2023\/05\/35-2-scaled-1-1536x1152.jpg 1536w, https:\/\/soccerhalle-heufeld.de\/wp-content\/uploads\/2023\/05\/35-2-scaled-1.jpg 2048w\" sizes=\"auto, (max-width: 1024px) 100vw, 1024px\" \/><\/figure>\n\n\n\n<figure class=\"wp-block-image size-full\"><img loading=\"lazy\" decoding=\"async\" width=\"960\" height=\"640\" data-id=\"2624\" src=\"https:\/\/soccerhalle-heufeld.de\/wordpress\/wp-content\/uploads\/2018\/02\/christmas-celebration-2996161_960_720.jpg\" alt=\"SOCCARENA Weihnachtsfeier\" class=\"wp-image-2624\" srcset=\"https:\/\/soccerhalle-heufeld.de\/wp-content\/uploads\/2018\/02\/christmas-celebration-2996161_960_720.jpg 960w, https:\/\/soccerhalle-heufeld.de\/wp-content\/uploads\/2018\/02\/christmas-celebration-2996161_960_720-300x200.jpg 300w, https:\/\/soccerhalle-heufeld.de\/wp-content\/uploads\/2018\/02\/christmas-celebration-2996161_960_720-768x512.jpg 768w\" sizes=\"auto, (max-width: 960px) 100vw, 960px\" \/><\/figure>\n\n\n\n<figure class=\"wp-block-image size-full\"><img loading=\"lazy\" decoding=\"async\" width=\"640\" height=\"480\" data-id=\"16779\" src=\"https:\/\/soccerhalle-heufeld.de\/wp-content\/uploads\/2023\/09\/Bild_1-1.jpg\" alt=\"\" class=\"wp-image-16779\" srcset=\"https:\/\/soccerhalle-heufeld.de\/wp-content\/uploads\/2023\/09\/Bild_1-1.jpg 640w, https:\/\/soccerhalle-heufeld.de\/wp-content\/uploads\/2023\/09\/Bild_1-1-300x225.jpg 300w\" sizes=\"auto, (max-width: 640px) 100vw, 640px\" \/><\/figure>\n<\/figure>\n\n\n\n<p><\/p>\n\n\n\n<p class=\"has-black-color has-text-color has-small-font-size\">Wir bieten Ihnen ein individuelles Komplettpaket aus Location, Technik, Verpflegung. Mit unseren Teambuildung-Event (<a href=\".\/indoor-soccer\/\">Indoor Soccer<\/a>, <a href=\".\/bubble-soccer\/\">Bubble Soccer<\/a>) runden Sie das Events zu einem einzigartigen Erlebnis ab. Zeit und Raum f\u00fcr den beruflichen Austausch finden Sie im Anschluss an den Tag an der Bar in unserer Gastronomie.<\/p>\n\n\n\n<p class=\"has-black-color has-text-color has-small-font-size\"><strong>Bereit f\u00fcr euer Firmenevent der besonderen Art?<\/strong><br>Melden Sie sich jetzt bei unserem Marketingteam unter <a href=\"tel:+491788816241\"><strong><mark style=\"background-color:rgba(0, 0, 0, 0)\" class=\"has-inline-color has-vivid-cyan-blue-color\">0155 63143000<\/mark><\/strong><\/a>\u00a0und wir erarbeiten mit Ihnen gemeinsam das richtige Konzept f\u00fcr Ihr Unternehmen und Team.<\/p>\n\n\n\n<p><\/p>\n","protected":false},"excerpt":{"rendered":"<p>Individuelle Firmen- und Teamevents In der Soccerhalle k\u00f6nnen wir Ihnen individuelle Komplettpakete f\u00fcr Ihr Firmen- oder Teamevent anbieten. Alles inklusive zu einem g\u00fcnstigen Pauschalpreis &#8211; da freut sich auch Ihr &#8230;<\/p>\n","protected":false},"author":1,"featured_media":0,"parent":1056,"menu_order":3,"comment_status":"closed","ping_status":"closed","template":"","meta":{"footnotes":""},"class_list":["post-1058","page","type-page","status-publish","hentry"],"_links":{"self":[{"href":"https:\/\/soccerhalle-heufeld.de\/index.php\/wp-json\/wp\/v2\/pages\/1058","targetHints":{"allow":["GET"]}}],"collection":[{"href":"https:\/\/soccerhalle-heufeld.de\/index.php\/wp-json\/wp\/v2\/pages"}],"about":[{"href":"https:\/\/soccerhalle-heufeld.de\/index.php\/wp-json\/wp\/v2\/types\/page"}],"author":[{"embeddable":true,"href":"https:\/\/soccerhalle-heufeld.de\/index.php\/wp-json\/wp\/v2\/users\/1"}],"replies":[{"embeddable":true,"href":"https:\/\/soccerhalle-heufeld.de\/index.php\/wp-json\/wp\/v2\/comments?post=1058"}],"version-history":[{"count":4,"href":"https:\/\/soccerhalle-heufeld.de\/index.php\/wp-json\/wp\/v2\/pages\/1058\/revisions"}],"predecessor-version":[{"id":17255,"href":"https:\/\/soccerhalle-heufeld.de\/index.php\/wp-json\/wp\/v2\/pages\/1058\/revisions\/17255"}],"up":[{"embeddable":true,"href":"https:\/\/soccerhalle-heufeld.de\/index.php\/wp-json\/wp\/v2\/pages\/1056"}],"wp:attachment":[{"href":"https:\/\/soccerhalle-heufeld.de\/index.php\/wp-json\/wp\/v2\/media?parent=1058"}],"curies":[{"name":"wp","href":"https:\/\/api.w.org\/{rel}","templated":true}]}}